{"id":82,"date":"2025-02-12T12:58:53","date_gmt":"2025-02-12T10:58:53","guid":{"rendered":"https:\/\/ontheroadlesvos.com\/?page_id=82"},"modified":"2025-05-10T09:35:52","modified_gmt":"2025-05-10T06:35:52","slug":"privacy-policy","status":"publish","type":"page","link":"https:\/\/ontheroadlesvos.com\/tr\/privacy-policy\/","title":{"rendered":"Gizlilik Politikas\u0131"},"content":{"rendered":"<div data-elementor-type=\"wp-page\" data-elementor-id=\"82\" class=\"elementor elementor-82\">\n\t\t\t\t<div class=\"elementor-element elementor-element-04ee156 e-flex e-con-boxed e-con e-parent\" data-id=\"04ee156\" data-element_type=\"container\" data-e-type=\"container\">\n\t\t\t\t\t<div class=\"e-con-inner\">\n\t\t\t\t<div class=\"elementor-element elementor-element-5924f91 elementor-widget elementor-widget-heading\" data-id=\"5924f91\" data-element_type=\"widget\" data-e-type=\"widget\" data-widget_type=\"heading.default\">\n\t\t\t\t<div class=\"elementor-widget-container\">\n\t\t\t\t\t<h3 class=\"elementor-heading-title elementor-size-default\">Gizlilik Politikas\u0131<\/h3>\t\t\t\t<\/div>\n\t\t\t\t<\/div>\n\t\t\t\t<div class=\"elementor-element elementor-element-ab25f5d elementor-widget elementor-widget-text-editor\" data-id=\"ab25f5d\" data-element_type=\"widget\" data-e-type=\"widget\" data-widget_type=\"text-editor.default\">\n\t\t\t\t<div class=\"elementor-widget-container\">\n\t\t\t\t\t\t\t\t\t<p class=\"translation-block\"><strong>On The Road Car Rental<\/strong> web sitesi kapsam\u0131nda ki\u015fisel verilerin i\u015flenmesine ili\u015fkin bilgilendirme, Genel Veri Koruma T\u00fcz\u00fc\u011f\u00fcne g\u00f6re [95\/46\/AT say\u0131l\u0131 Direktif\u2019i y\u00fcr\u00fcrl\u00fckten\nkald\u0131ran, ger\u00e7ek ki\u015filerin ki\u015fisel verilerin i\u015flenmesi bak\u0131m\u0131ndan korunmas\u0131 ve bu t\u00fcr verilerin\nserbest dola\u015f\u0131m\u0131 hakk\u0131nda 27 Nisan 2016 tarihli ve (AB) 2016\/679 say\u0131l\u0131 Avrupa Parlamentosu ve Konsey T\u00fcz\u00fc\u011f\u00fc];<\/p><ol><li class=\"translation-block\">Toplanan ki\u015fisel verilerin i\u015flenmesinden <strong>On The Road Car Rental<\/strong> sorumludur.\u015eartlar, ko\u015fullar ve destekleyici belgelerle ilgili konularda web sitesinde\nlistelenen ileti\u015fim bilgilerine ba\u015fvurabilirsiniz. Teknik sorunlarda ileti\u015fim yaln\u0131zca web\nsitesinde belirtilen e-posta adresine yap\u0131lacakt\u0131r.<\/li><li class=\"translation-block\">Ki\u015fisel verileri i\u015fleyenler, <strong>On The Road Car Rental<\/strong>\u2019\u0131n web sitenin g\u00fcvenli\u011finden\nyetkili ortaklar\u0131d\u0131r. Kaydedilen veriler a\u015fa\u011f\u0131daki durumlar haricinde \u00fc\u00e7\u00fcnc\u00fc ki\u015filere\niletilmez; a) denetleyicinin ki\u015fi veya mallar\u0131na ili\u015fkin bir su\u00e7 fiilinin soru\u015fturulmas\u0131 i\u00e7in\ngerekli bilgileri i\u00e7ermesi halinde yetkili adli, savc\u0131l\u0131k ve polis kolluk makamlar\u0131na, b)\ng\u00f6revlerini yerine getirirken hukuka uygun olarak veri talep etmeleri halinde yetkili\nadli, savc\u0131l\u0131k ve polis kolluk makamlar\u0131na ve c) eylemin kan\u0131t\u0131n\u0131 olu\u015fturabilecek veriler\ns\u00f6z konusu oldu\u011funda bir su\u00e7 eyleminin ma\u011fduruna veya failine y\u00f6nelik.<\/li><li class=\"translation-block\"><strong>On The Road Car Rental<\/strong> taraf\u0131ndan ki\u015fisel verilerin i\u015flenme amac\u0131 s\u00fcr\u00fcc\u00fcs\u00fcz yolcu ta\u015f\u0131mac\u0131l\u0131\u011f\u0131 i\u00e7in elektrikli ve binek ara\u00e7lar, motosikletler ve mopedler i\u00e7in kiralama\nhizmetlerinin sa\u011flanmas\u0131d\u0131r.<\/li><li class=\"translation-block\"><strong>On The Road Car Rental<\/strong> taraf\u0131ndan kay\u0131tl\u0131 ki\u015fisel veriler gerekli g\u00f6r\u00fcld\u00fc\u011f\u00fc s\u00fcrece ar\u015fivde ve Yunan mevzuat\u0131na uygun muhafaza eder.<\/li><li>Veri sahipleri a\u015fa\u011f\u0131daki haklara sahiptir;<ul><li class=\"translation-block\"><strong>Veri sahibinin eri\u015fim hakk\u0131<\/strong>, Veri sahibinin kendisi ile ilgili ki\u015fisel verilerin i\u015flenip i\u015flenmedi\u011fini kontrol\u00f6rden teyit etme ve i\u015fleme faaliyeti olmas\u0131 halinde, ki\u015fisel verilere eri\u015fim ile a\u015fa\u011f\u0131daki bilgileri talep etme hakk\u0131 bulunu (i\u015fleme ama\u00e7lar\u0131, veri kayna\u011f\u0131, al\u0131c\u0131lar kategorileri, veri saklama s\u00fcresi).<\/li><li class=\"translation-block\"><strong>D\u00fczeltme hakk\u0131<\/strong>, veri sahibinin kendileri ile ilgili do\u011fru olmayan ki\u015fisel\nverilerin gereksiz gecikmeye mahal verilmeksizin d\u00fczeltilmesini kontrol\u00f6rden talep etme\nhakk\u0131 bulunur. D\u00fczeltme veya tamamlama ihtiyac\u0131n\u0131 g\u00f6steren gerekli belgeleri sunmal\u0131d\u0131r.<\/li><li class=\"translation-block\"><strong>\u0130tiraz hakk\u0131<\/strong>, kendi \u00f6zel durumu ile ilgili gerek\u00e7elere dayal\u0131 olarak On The\nRoad Car Rental veya \u00fc\u00e7\u00fcnc\u00fc bir taraf\u0131n me\u015fru menfaatleri i\u00e7in i\u015flemenin gerekli olmas\u0131\ndurumunda.<\/li><li class=\"translation-block\"><strong>\u0130\u015fleme faaliyetini k\u0131s\u0131tlama hakk\u0131<\/strong>,\u00a0ki\u015fisel verilerin do\u011frulu\u011funa veri sahibi taraf\u0131ndan itiraz edilmesi halinde veya i\u015fleme faaliyetinin yasa d\u0131\u015f\u0131 olmas\u0131 veya On The\nRoad Rental\u2019 \u0131n i\u015fleme ama\u00e7lar\u0131na y\u00f6nelik olarak art\u0131k ki\u015fisel verilere ihtiya\u00e7 duymamas\u0131\nveya On The Road Rental\u2019 \u0131n me\u015fru gerek\u00e7elerinin veri sahibinin me\u015fru gerek\u00e7elerine a\u011f\u0131r bas\u0131p basmad\u0131\u011f\u0131 do\u011frulanana kadar, i\u015fleme faaliyetine itiraz etmesi.<\/li><li class=\"translation-block\"><strong>Silme hakk\u0131<\/strong> tuttu\u011fumuz dosyalardan ki\u015fisel verilerinizin.<\/li><li class=\"translation-block\"><strong>Veri ta\u015f\u0131nabilirli\u011fi hakk\u0131<\/strong> bu verileri ba\u015fka bir kontrol\u00f6re iletme hakk\u0131 bulunur\ni\u015fleme faaliyetinin bir r\u0131zaya dayanmas\u0131 veya otomatik yollarla ger\u00e7ekle\u015ftirilmesi.<\/li><\/ul><\/li><\/ol><p class=\"translation-block\">Ki\u015fisel verilerin korunmas\u0131na ili\u015fkin haklar\u0131n ihlali halinde veri sahipleri <a href=\"https:\/\/www.dpa.gr\/\" target=\"_blank\" rel=\"noopener\">Ki\u015fisel Verileri Koruma\nKurumu<\/a> 'na \u015fikayette bulunma hakk\u0131na sahipsiniz. Yunanistan\u2019 da yetkili denetim makam\u0131\nVeri Koruma Kurumu\u2019dur; Kifissia 1-3, 115 23, Atina, <a href=\"https:\/\/www.dpa.gr\/\" target=\"_blank\" rel=\"noopener\">https:\/\/www.dpa.gr\/<\/a>, tel. 2106475600.<\/p>\t\t\t\t\t\t\t\t<\/div>\n\t\t\t\t<\/div>\n\t\t\t\t\t<\/div>\n\t\t\t\t<\/div>\n\t\t\t\t<\/div>","protected":false},"excerpt":{"rendered":"<p>Privacy Policy Information on the processing of personal data within On The Road Car Rental\u00a0website, in accordance with the General Data Protection Regulation (Regulation (EU) 2016\/679 of the European Parliament and of the Council of 27 April 2016 on the protection of natural persons against processing of personal data and for the free circulation of &hellip; <\/p>\n<p class=\"link-more\"><a href=\"https:\/\/ontheroadlesvos.com\/tr\/privacy-policy\/\" class=\"more-link\"><span class=\"screen-reader-text\"> prova \"Privacy Policy\"<\/span><\/a><\/p>","protected":false},"author":1,"featured_media":0,"parent":0,"menu_order":0,"comment_status":"closed","ping_status":"closed","template":"elementor_theme","meta":{"_monsterinsights_skip_tracking":false,"_monsterinsights_sitenote_active":false,"_monsterinsights_sitenote_note":"","_monsterinsights_sitenote_category":0,"footnotes":""},"class_list":["post-82","page","type-page","status-publish","hentry"],"yoast_head":"<!-- This site is optimized with the Yoast SEO plugin v27.2 - https:\/\/yoast.com\/product\/yoast-seo-wordpress\/ -->\n<title>Privacy Policy | On The Road Car Rental Lesvos<\/title>\n<meta name=\"robots\" content=\"noindex, nofollow\" \/>\n<meta property=\"og:locale\" content=\"tr_TR\" \/>\n<meta property=\"og:type\" content=\"article\" \/>\n<meta property=\"og:title\" content=\"Privacy Policy | On The Road Car Rental Lesvos\" \/>\n<meta property=\"og:description\" content=\"Privacy Policy Information on the processing of personal data within On The Road Car Rental\u00a0website, in accordance with the General Data Protection Regulation (Regulation (EU) 2016\/679 of the European Parliament and of the Council of 27 April 2016 on the protection of natural persons against processing of personal data and for the free circulation of &hellip; prova &quot;Privacy Policy&quot;\" \/>\n<meta property=\"og:url\" content=\"https:\/\/ontheroadlesvos.com\/tr\/privacy-policy\/\" \/>\n<meta property=\"og:site_name\" content=\"On The Road\" \/>\n<meta property=\"article:publisher\" content=\"https:\/\/www.facebook.com\/ontheroad.lesvos\" \/>\n<meta property=\"article:modified_time\" content=\"2025-05-10T06:35:52+00:00\" \/>\n<meta name=\"twitter:card\" content=\"summary_large_image\" \/>\n<meta name=\"twitter:label1\" content=\"Tahmini okuma s\u00fcresi\" \/>\n\t<meta name=\"twitter:data1\" content=\"3 dakika\" \/>\n<script type=\"application\/ld+json\" class=\"yoast-schema-graph\">{\"@context\":\"https:\/\/schema.org\",\"@graph\":[{\"@type\":\"WebPage\",\"@id\":\"https:\/\/ontheroadlesvos.com\/privacy-policy\/\",\"url\":\"https:\/\/ontheroadlesvos.com\/privacy-policy\/\",\"name\":\"Privacy Policy | On The Road Car Rental Lesvos\",\"isPartOf\":{\"@id\":\"https:\/\/ontheroadlesvos.com\/#website\"},\"datePublished\":\"2025-02-12T10:58:53+00:00\",\"dateModified\":\"2025-05-10T06:35:52+00:00\",\"breadcrumb\":{\"@id\":\"https:\/\/ontheroadlesvos.com\/privacy-policy\/#breadcrumb\"},\"inLanguage\":\"tr\",\"potentialAction\":[{\"@type\":\"ReadAction\",\"target\":[\"https:\/\/ontheroadlesvos.com\/privacy-policy\/\"]}]},{\"@type\":\"BreadcrumbList\",\"@id\":\"https:\/\/ontheroadlesvos.com\/privacy-policy\/#breadcrumb\",\"itemListElement\":[{\"@type\":\"ListItem\",\"position\":1,\"name\":\"Home\",\"item\":\"https:\/\/ontheroadlesvos.com\/\"},{\"@type\":\"ListItem\",\"position\":2,\"name\":\"Privacy Policy\"}]},{\"@type\":\"WebSite\",\"@id\":\"https:\/\/ontheroadlesvos.com\/#website\",\"url\":\"https:\/\/ontheroadlesvos.com\/\",\"name\":\"On The Road\",\"description\":\"Car Rental Lesvos\",\"publisher\":{\"@id\":\"https:\/\/ontheroadlesvos.com\/#organization\"},\"potentialAction\":[{\"@type\":\"SearchAction\",\"target\":{\"@type\":\"EntryPoint\",\"urlTemplate\":\"https:\/\/ontheroadlesvos.com\/?s={search_term_string}\"},\"query-input\":{\"@type\":\"PropertyValueSpecification\",\"valueRequired\":true,\"valueName\":\"search_term_string\"}}],\"inLanguage\":\"tr\"},{\"@type\":\"Organization\",\"@id\":\"https:\/\/ontheroadlesvos.com\/#organization\",\"name\":\"On The Road\",\"url\":\"https:\/\/ontheroadlesvos.com\/\",\"logo\":{\"@type\":\"ImageObject\",\"inLanguage\":\"tr\",\"@id\":\"https:\/\/ontheroadlesvos.com\/#\/schema\/logo\/image\/\",\"url\":\"https:\/\/ontheroadlesvos.com\/wp-content\/uploads\/2025\/02\/logo-on-the-road-trans.png\",\"contentUrl\":\"https:\/\/ontheroadlesvos.com\/wp-content\/uploads\/2025\/02\/logo-on-the-road-trans.png\",\"width\":200,\"height\":70,\"caption\":\"On The Road\"},\"image\":{\"@id\":\"https:\/\/ontheroadlesvos.com\/#\/schema\/logo\/image\/\"},\"sameAs\":[\"https:\/\/www.facebook.com\/ontheroad.lesvos\",\"https:\/\/www.instagram.com\/ontheroad_lesvos\/\"]}]}<\/script>\n<!-- \/ Yoast SEO plugin. -->","yoast_head_json":{"title":"Privacy Policy | On The Road Car Rental Lesvos","robots":{"index":"noindex","follow":"nofollow"},"og_locale":"tr_TR","og_type":"article","og_title":"Privacy Policy | On The Road Car Rental Lesvos","og_description":"Privacy Policy Information on the processing of personal data within On The Road Car Rental\u00a0website, in accordance with the General Data Protection Regulation (Regulation (EU) 2016\/679 of the European Parliament and of the Council of 27 April 2016 on the protection of natural persons against processing of personal data and for the free circulation of &hellip; prova \"Privacy Policy\"","og_url":"https:\/\/ontheroadlesvos.com\/tr\/privacy-policy\/","og_site_name":"On The Road","article_publisher":"https:\/\/www.facebook.com\/ontheroad.lesvos","article_modified_time":"2025-05-10T06:35:52+00:00","twitter_card":"summary_large_image","twitter_misc":{"Tahmini okuma s\u00fcresi":"3 dakika"},"schema":{"@context":"https:\/\/schema.org","@graph":[{"@type":"WebPage","@id":"https:\/\/ontheroadlesvos.com\/privacy-policy\/","url":"https:\/\/ontheroadlesvos.com\/privacy-policy\/","name":"Privacy Policy | On The Road Car Rental Lesvos","isPartOf":{"@id":"https:\/\/ontheroadlesvos.com\/#website"},"datePublished":"2025-02-12T10:58:53+00:00","dateModified":"2025-05-10T06:35:52+00:00","breadcrumb":{"@id":"https:\/\/ontheroadlesvos.com\/privacy-policy\/#breadcrumb"},"inLanguage":"tr","potentialAction":[{"@type":"ReadAction","target":["https:\/\/ontheroadlesvos.com\/privacy-policy\/"]}]},{"@type":"BreadcrumbList","@id":"https:\/\/ontheroadlesvos.com\/privacy-policy\/#breadcrumb","itemListElement":[{"@type":"ListItem","position":1,"name":"Home","item":"https:\/\/ontheroadlesvos.com\/"},{"@type":"ListItem","position":2,"name":"Privacy Policy"}]},{"@type":"WebSite","@id":"https:\/\/ontheroadlesvos.com\/#website","url":"https:\/\/ontheroadlesvos.com\/","name":"On The Road","description":"Car Rental Lesvos","publisher":{"@id":"https:\/\/ontheroadlesvos.com\/#organization"},"potentialAction":[{"@type":"SearchAction","target":{"@type":"EntryPoint","urlTemplate":"https:\/\/ontheroadlesvos.com\/?s={search_term_string}"},"query-input":{"@type":"PropertyValueSpecification","valueRequired":true,"valueName":"search_term_string"}}],"inLanguage":"tr"},{"@type":"Organization","@id":"https:\/\/ontheroadlesvos.com\/#organization","name":"On The Road","url":"https:\/\/ontheroadlesvos.com\/","logo":{"@type":"ImageObject","inLanguage":"tr","@id":"https:\/\/ontheroadlesvos.com\/#\/schema\/logo\/image\/","url":"https:\/\/ontheroadlesvos.com\/wp-content\/uploads\/2025\/02\/logo-on-the-road-trans.png","contentUrl":"https:\/\/ontheroadlesvos.com\/wp-content\/uploads\/2025\/02\/logo-on-the-road-trans.png","width":200,"height":70,"caption":"On The Road"},"image":{"@id":"https:\/\/ontheroadlesvos.com\/#\/schema\/logo\/image\/"},"sameAs":["https:\/\/www.facebook.com\/ontheroad.lesvos","https:\/\/www.instagram.com\/ontheroad_lesvos\/"]}]}},"_links":{"self":[{"href":"https:\/\/ontheroadlesvos.com\/tr\/wp-json\/wp\/v2\/pages\/82","targetHints":{"allow":["GET"]}}],"collection":[{"href":"https:\/\/ontheroadlesvos.com\/tr\/wp-json\/wp\/v2\/pages"}],"about":[{"href":"https:\/\/ontheroadlesvos.com\/tr\/wp-json\/wp\/v2\/types\/page"}],"author":[{"embeddable":true,"href":"https:\/\/ontheroadlesvos.com\/tr\/wp-json\/wp\/v2\/users\/1"}],"replies":[{"embeddable":true,"href":"https:\/\/ontheroadlesvos.com\/tr\/wp-json\/wp\/v2\/comments?post=82"}],"version-history":[{"count":2,"href":"https:\/\/ontheroadlesvos.com\/tr\/wp-json\/wp\/v2\/pages\/82\/revisions"}],"predecessor-version":[{"id":2763,"href":"https:\/\/ontheroadlesvos.com\/tr\/wp-json\/wp\/v2\/pages\/82\/revisions\/2763"}],"wp:attachment":[{"href":"https:\/\/ontheroadlesvos.com\/tr\/wp-json\/wp\/v2\/media?parent=82"}],"curies":[{"name":"wp","href":"https:\/\/api.w.org\/{rel}","templated":true}]}}