{"id":579,"date":"2025-03-26T20:14:13","date_gmt":"2025-03-26T18:14:13","guid":{"rendered":"https:\/\/ontheroadlesvos.com\/group-suv-crossover-automatic\/"},"modified":"2025-05-20T12:09:38","modified_gmt":"2025-05-20T09:09:38","slug":"group-suv-crossover-automatic","status":"publish","type":"page","link":"https:\/\/ontheroadlesvos.com\/tr\/group-suv-crossover-automatic\/","title":{"rendered":"GROUP SUV\/CROSSOVER AUTOMATIC"},"content":{"rendered":"<div class=\"wrap plugin-container\">\n\n\t\n\t\n\t\t<h3 class=\"vrcclistheadt\">GROUP SUV \/ CROSSOVER OTOMATIK<\/h3>\r\n\t<div class=\"vrc-search-results-block vrc-search-results-block-list\">\r\n\r\n\t<div class=\"car_result\">\r\n\t\t<div class=\"vrc-car-result-left\">\r\n\t\t\t\t\t<img decoding=\"async\" class=\"imgresult\" alt=\"Toyota Yaris Cross (Hybrid) Automatic\" src=\"https:\/\/ontheroadlesvos.com\/wp-content\/plugins\/vikrentcar\/admin\/resources\/1toyota_yaris_cross_hybrid.webp\"\/>\r\n\t\t\t\t\t<\/div>\r\n\t\t<div class=\"vrc-car-result-right\">\r\n\t\t\t<div class=\"vrc-car-result-rightinner\">\r\n\t\t\t\t<div class=\"vrc-car-result-rightinner-deep\">\r\n\t\t\t\t\t<div class=\"vrc-car-result-inner\">\r\n\t\t\t\t\t\t<h4 class=\"vrc-car-name\">\r\n\t\t\t\t\t\t\t<a href=\"https:\/\/ontheroadlesvos.com\/tr\/group-suv-crossover-automatic\/?option=com_vikrentcar&amp;view=cardetails&amp;carid=10\">Toyota Yaris Cross (Hybrid) Otomatik<\/a>\r\n\t\t\t\t\t\t<\/h4>\r\n\t\t\t\t\t\t\t\t\t\t\t<div class=\"vrc-car-category\">GROUP SUV \/ CROSSOVER OTOMATIK<\/div>\r\n\t\t\t\t\t\t\t\t\t\t\t\t<div class=\"vrc-car-result-description\">\r\n\t\t\t\t\t\t<p>Modern, g\u00fczel ve kompakt bir SUV. Y\u00fcksek yak\u0131t ekonomisi ve ekolojik performans i\u00e7in geli\u015fmi\u015f hibrit teknolojisiyle. Ferah, l\u00fcks i\u00e7 ve otomatik \u015fanz\u0131man t\u00fcr\u00fc ile bir ara\u00e7. Aileler veya gruplar i\u00e7in konfor ve kolayl\u0131k sa\u011flar, yolcular ve bagajlar i\u00e7in geni\u015f alan sunar. G\u00fczel stil ve b\u00fcy\u00fck kabiliyetler birle\u015ftirir. Toyota Yaris Cross, daha \u00fcst d\u00fczey bir deneyim ve Lesvos'un \u00e7e\u015fitli manzaralar\u0131n\u0131 ke\u015ffetme \u00f6zg\u00fcrl\u00fc\u011f\u00fc isteyen gezginler i\u00e7in ideal bir se\u00e7imdir. Midilli'nin kalabal\u0131k merkezinden pitoresk da\u011f yollar\u0131na ve gizli plajlara hareket edebilirsiniz.<\/p>\n\t\t\t\t\t\t<\/div>\r\n\t\t\t\t\t\t\t\t\t\t\t\t\t<div class=\"vrc-car-characteristics\">\r\n\t\t\t\t\t\t\t\t<div class=\"vrccaratsdiv\"><div class=\"vrccarcarat\"><span class=\"vrc-carat-cont\"><span class=\"vrc-expl\" data-vrc-expl=\"1500cc\"><i class=\"fas fa-car\"><\/i> 1500cc<\/span><\/span>\n<\/div><div class=\"vrccarcarat\"><span class=\"vrc-carat-cont\"><span class=\"vrc-expl\" data-vrc-expl=\"Automatic\"><i class=\"fas fa-cogs\"><\/i> Otomatik<\/span><\/span>\n<\/div><div class=\"vrccarcarat\"><span class=\"vrc-carat-cont\"><span class=\"vrc-expl\" data-vrc-expl=\"5 passengers\"><i class=\"fas fa-user\"><\/i> 5 ki\u015fi<\/span><\/span>\n<\/div><div class=\"vrccarcarat\"><span class=\"vrc-carat-cont\"><span class=\"vrc-expl\" data-vrc-expl=\"A\/C\"><i class=\"fas fa-snowflake\"><\/i> Klima var<\/span><\/span>\n<\/div><div class=\"vrccarcarat\"><span class=\"vrc-carat-cont\"><img decoding=\"async\" src=\"https:\/\/ontheroadlesvos.com\/wp-content\/uploads\/2025\/05\/usb.svg\" width=\"20\" height=\"20\"> USB<\/span>\n<\/div><div class=\"vrccarcarat\"><span class=\"vrc-carat-cont\"><img decoding=\"async\" src=\"https:\/\/ontheroadlesvos.com\/wp-content\/uploads\/2025\/05\/bluetooth-icon.svg\" width=\"20\" height=\"20\"> Bluetooth<\/span>\n<\/div><\/div>\n\t\t\t\t\t\t\t<\/div>\r\n\t\t\t\t\t\t\t\t\t\t\t\t<\/div>\r\n\t\t\t\t\t<div class=\"vrc-car-lastblock\">\r\n\t\t\t\t\t\t<div class=\"vrc-car-price\">\r\n\t\t\t\t\t\t\t<div class=\"vrcsrowpricediv\">\r\n\t\t\t\t\t\t\t\t\t\t\t\t\t\t\t<span class=\"vrcstartfrom\">Onlar ba\u015fl\u0131yor<\/span>\r\n\t\t\t\t\t\t\t\t<span class=\"car_cost\"><span class=\"vrc_currency\">\u20ac<\/span> <span class=\"vrc_price\">50,00<\/span><\/span>\r\n\t\t\t\t\t\t\t\t\t\t\t\t\t\t<\/div>\r\n\t\t\t\t\t\t<\/div>\r\n\t\t\t\t\t\t<div class=\"vrc-car-bookingbtn\">\r\n\t\t\t\t\t\t\t<span class=\"vrclistgoon\"><a class=\"btn vrc-pref-color-btn\" href=\"https:\/\/ontheroadlesvos.com\/tr\/group-suv-crossover-automatic\/?option=com_vikrentcar&amp;view=cardetails&amp;carid=10\">Detaylar\u0131 G\u00f6ster<\/a><\/span>\r\n\t\t\t\t\t\t<\/div>\r\n\t\t\t\t\t<\/div>\r\n\t\t\t\t<\/div>\r\n\t\t\t<\/div>\r\n\t\t<\/div>\r\n\t<\/div>\r\n\t<\/div>\r\n\r\n<script type=\"text\/javascript\">\r\njQuery(function() {\r\n\tif (jQuery('.car_result').length) {\r\n\t\tjQuery('.car_result').each(function() {\r\n\t\t\tvar car_img = jQuery(this).find('.vrc-car-result-left').find('img');\r\n\t\t\tif (car_img.length) {\r\n\t\t\t\tjQuery(this).find('.vrc-car-result-right').find('.vrc-car-result-rightinner').find('.vrc-car-result-rightinner-deep').find('.vrc-car-result-inner').css('min-height', car_img.height()+'px');\r\n\t\t\t}\r\n\t\t});\r\n\t};\r\n});\r\n<\/script>\r\n\n<\/div>","protected":false},"excerpt":{"rendered":"","protected":false},"author":5,"featured_media":0,"parent":0,"menu_order":0,"comment_status":"closed","ping_status":"closed","template":"","meta":{"_monsterinsights_skip_tracking":false,"_monsterinsights_sitenote_active":false,"_monsterinsights_sitenote_note":"","_monsterinsights_sitenote_category":0,"footnotes":""},"class_list":["post-579","page","type-page","status-publish","hentry"],"yoast_head":"<!-- This site is optimized with the Yoast SEO plugin v27.2 - https:\/\/yoast.com\/product\/yoast-seo-wordpress\/ -->\n<title>GROUP SUV\/CROSSOVER AUTOMATIC | On The Road Car Rental Lesvos<\/title>\n<meta name=\"description\" content=\"Explore Lesvos in style with our Group SUV\/Crossover automatic cars. Spacious, reliable, and ideal for families or groups.\" \/>\n<meta name=\"robots\" content=\"index, follow, max-snippet:-1, max-image-preview:large, max-video-preview:-1\" \/>\n<link rel=\"canonical\" href=\"https:\/\/ontheroadlesvos.com\/tr\/group-suv-crossover-automatic\/\" \/>\n<meta property=\"og:locale\" content=\"tr_TR\" \/>\n<meta property=\"og:type\" content=\"article\" \/>\n<meta property=\"og:title\" content=\"GROUP SUV\/CROSSOVER AUTOMATIC | On The Road Car Rental Lesvos\" \/>\n<meta property=\"og:description\" content=\"Explore Lesvos in style with our Group SUV\/Crossover automatic cars. Spacious, reliable, and ideal for families or groups.\" \/>\n<meta property=\"og:url\" content=\"https:\/\/ontheroadlesvos.com\/tr\/group-suv-crossover-automatic\/\" \/>\n<meta property=\"og:site_name\" content=\"On The Road\" \/>\n<meta property=\"article:publisher\" content=\"https:\/\/www.facebook.com\/ontheroad.lesvos\" \/>\n<meta property=\"article:modified_time\" content=\"2025-05-20T09:09:38+00:00\" \/>\n<meta name=\"twitter:card\" content=\"summary_large_image\" \/>\n<meta name=\"twitter:label1\" content=\"Tahmini okuma s\u00fcresi\" \/>\n\t<meta name=\"twitter:data1\" content=\"1 dakika\" \/>\n<script type=\"application\/ld+json\" class=\"yoast-schema-graph\">{\"@context\":\"https:\/\/schema.org\",\"@graph\":[{\"@type\":\"WebPage\",\"@id\":\"https:\/\/ontheroadlesvos.com\/group-suv-crossover-automatic\/\",\"url\":\"https:\/\/ontheroadlesvos.com\/group-suv-crossover-automatic\/\",\"name\":\"GROUP SUV\/CROSSOVER AUTOMATIC | On The Road Car Rental Lesvos\",\"isPartOf\":{\"@id\":\"https:\/\/ontheroadlesvos.com\/#website\"},\"datePublished\":\"2025-03-26T18:14:13+00:00\",\"dateModified\":\"2025-05-20T09:09:38+00:00\",\"description\":\"Explore Lesvos in style with our Group SUV\/Crossover automatic cars. Spacious, reliable, and ideal for families or groups.\",\"breadcrumb\":{\"@id\":\"https:\/\/ontheroadlesvos.com\/group-suv-crossover-automatic\/#breadcrumb\"},\"inLanguage\":\"tr\",\"potentialAction\":[{\"@type\":\"ReadAction\",\"target\":[\"https:\/\/ontheroadlesvos.com\/group-suv-crossover-automatic\/\"]}]},{\"@type\":\"BreadcrumbList\",\"@id\":\"https:\/\/ontheroadlesvos.com\/group-suv-crossover-automatic\/#breadcrumb\",\"itemListElement\":[{\"@type\":\"ListItem\",\"position\":1,\"name\":\"Home\",\"item\":\"https:\/\/ontheroadlesvos.com\/\"},{\"@type\":\"ListItem\",\"position\":2,\"name\":\"GROUP SUV\/CROSSOVER AUTOMATIC\"}]},{\"@type\":\"WebSite\",\"@id\":\"https:\/\/ontheroadlesvos.com\/#website\",\"url\":\"https:\/\/ontheroadlesvos.com\/\",\"name\":\"On The Road\",\"description\":\"Car Rental Lesvos\",\"publisher\":{\"@id\":\"https:\/\/ontheroadlesvos.com\/#organization\"},\"potentialAction\":[{\"@type\":\"SearchAction\",\"target\":{\"@type\":\"EntryPoint\",\"urlTemplate\":\"https:\/\/ontheroadlesvos.com\/?s={search_term_string}\"},\"query-input\":{\"@type\":\"PropertyValueSpecification\",\"valueRequired\":true,\"valueName\":\"search_term_string\"}}],\"inLanguage\":\"tr\"},{\"@type\":\"Organization\",\"@id\":\"https:\/\/ontheroadlesvos.com\/#organization\",\"name\":\"On The Road\",\"url\":\"https:\/\/ontheroadlesvos.com\/\",\"logo\":{\"@type\":\"ImageObject\",\"inLanguage\":\"tr\",\"@id\":\"https:\/\/ontheroadlesvos.com\/#\/schema\/logo\/image\/\",\"url\":\"https:\/\/ontheroadlesvos.com\/wp-content\/uploads\/2025\/02\/logo-on-the-road-trans.png\",\"contentUrl\":\"https:\/\/ontheroadlesvos.com\/wp-content\/uploads\/2025\/02\/logo-on-the-road-trans.png\",\"width\":200,\"height\":70,\"caption\":\"On The Road\"},\"image\":{\"@id\":\"https:\/\/ontheroadlesvos.com\/#\/schema\/logo\/image\/\"},\"sameAs\":[\"https:\/\/www.facebook.com\/ontheroad.lesvos\",\"https:\/\/www.instagram.com\/ontheroad_lesvos\/\"]}]}<\/script>\n<!-- \/ Yoast SEO plugin. -->","yoast_head_json":{"title":"GROUP SUV\/CROSSOVER AUTOMATIC | On The Road Car Rental Lesvos","description":"Explore Lesvos in style with our Group SUV\/Crossover automatic cars. Spacious, reliable, and ideal for families or groups.","robots":{"index":"index","follow":"follow","max-snippet":"max-snippet:-1","max-image-preview":"max-image-preview:large","max-video-preview":"max-video-preview:-1"},"canonical":"https:\/\/ontheroadlesvos.com\/tr\/group-suv-crossover-automatic\/","og_locale":"tr_TR","og_type":"article","og_title":"GROUP SUV\/CROSSOVER AUTOMATIC | On The Road Car Rental Lesvos","og_description":"Explore Lesvos in style with our Group SUV\/Crossover automatic cars. Spacious, reliable, and ideal for families or groups.","og_url":"https:\/\/ontheroadlesvos.com\/tr\/group-suv-crossover-automatic\/","og_site_name":"On The Road","article_publisher":"https:\/\/www.facebook.com\/ontheroad.lesvos","article_modified_time":"2025-05-20T09:09:38+00:00","twitter_card":"summary_large_image","twitter_misc":{"Tahmini okuma s\u00fcresi":"1 dakika"},"schema":{"@context":"https:\/\/schema.org","@graph":[{"@type":"WebPage","@id":"https:\/\/ontheroadlesvos.com\/group-suv-crossover-automatic\/","url":"https:\/\/ontheroadlesvos.com\/group-suv-crossover-automatic\/","name":"GROUP SUV\/CROSSOVER AUTOMATIC | On The Road Car Rental Lesvos","isPartOf":{"@id":"https:\/\/ontheroadlesvos.com\/#website"},"datePublished":"2025-03-26T18:14:13+00:00","dateModified":"2025-05-20T09:09:38+00:00","description":"Explore Lesvos in style with our Group SUV\/Crossover automatic cars. Spacious, reliable, and ideal for families or groups.","breadcrumb":{"@id":"https:\/\/ontheroadlesvos.com\/group-suv-crossover-automatic\/#breadcrumb"},"inLanguage":"tr","potentialAction":[{"@type":"ReadAction","target":["https:\/\/ontheroadlesvos.com\/group-suv-crossover-automatic\/"]}]},{"@type":"BreadcrumbList","@id":"https:\/\/ontheroadlesvos.com\/group-suv-crossover-automatic\/#breadcrumb","itemListElement":[{"@type":"ListItem","position":1,"name":"Home","item":"https:\/\/ontheroadlesvos.com\/"},{"@type":"ListItem","position":2,"name":"GROUP SUV\/CROSSOVER AUTOMATIC"}]},{"@type":"WebSite","@id":"https:\/\/ontheroadlesvos.com\/#website","url":"https:\/\/ontheroadlesvos.com\/","name":"On The Road","description":"Car Rental Lesvos","publisher":{"@id":"https:\/\/ontheroadlesvos.com\/#organization"},"potentialAction":[{"@type":"SearchAction","target":{"@type":"EntryPoint","urlTemplate":"https:\/\/ontheroadlesvos.com\/?s={search_term_string}"},"query-input":{"@type":"PropertyValueSpecification","valueRequired":true,"valueName":"search_term_string"}}],"inLanguage":"tr"},{"@type":"Organization","@id":"https:\/\/ontheroadlesvos.com\/#organization","name":"On The Road","url":"https:\/\/ontheroadlesvos.com\/","logo":{"@type":"ImageObject","inLanguage":"tr","@id":"https:\/\/ontheroadlesvos.com\/#\/schema\/logo\/image\/","url":"https:\/\/ontheroadlesvos.com\/wp-content\/uploads\/2025\/02\/logo-on-the-road-trans.png","contentUrl":"https:\/\/ontheroadlesvos.com\/wp-content\/uploads\/2025\/02\/logo-on-the-road-trans.png","width":200,"height":70,"caption":"On The Road"},"image":{"@id":"https:\/\/ontheroadlesvos.com\/#\/schema\/logo\/image\/"},"sameAs":["https:\/\/www.facebook.com\/ontheroad.lesvos","https:\/\/www.instagram.com\/ontheroad_lesvos\/"]}]}},"_links":{"self":[{"href":"https:\/\/ontheroadlesvos.com\/tr\/wp-json\/wp\/v2\/pages\/579","targetHints":{"allow":["GET"]}}],"collection":[{"href":"https:\/\/ontheroadlesvos.com\/tr\/wp-json\/wp\/v2\/pages"}],"about":[{"href":"https:\/\/ontheroadlesvos.com\/tr\/wp-json\/wp\/v2\/types\/page"}],"author":[{"embeddable":true,"href":"https:\/\/ontheroadlesvos.com\/tr\/wp-json\/wp\/v2\/users\/5"}],"replies":[{"embeddable":true,"href":"https:\/\/ontheroadlesvos.com\/tr\/wp-json\/wp\/v2\/comments?post=579"}],"version-history":[{"count":1,"href":"https:\/\/ontheroadlesvos.com\/tr\/wp-json\/wp\/v2\/pages\/579\/revisions"}],"predecessor-version":[{"id":3016,"href":"https:\/\/ontheroadlesvos.com\/tr\/wp-json\/wp\/v2\/pages\/579\/revisions\/3016"}],"wp:attachment":[{"href":"https:\/\/ontheroadlesvos.com\/tr\/wp-json\/wp\/v2\/media?parent=579"}],"curies":[{"name":"wp","href":"https:\/\/api.w.org\/{rel}","templated":true}]}}