{"id":575,"date":"2025-03-26T20:13:39","date_gmt":"2025-03-26T18:13:39","guid":{"rendered":"https:\/\/ontheroadlesvos.com\/group-b\/"},"modified":"2025-05-20T12:07:38","modified_gmt":"2025-05-20T09:07:38","slug":"group-b","status":"publish","type":"page","link":"https:\/\/ontheroadlesvos.com\/tr\/group-b\/","title":{"rendered":"GRUP B"},"content":{"rendered":"<div class=\"wrap plugin-container\">\n\n\t\n\t\n\t\t<h3 class=\"vrcclistheadt\">GRUP B<\/h3>\r\n\t<div class=\"vrc-search-results-block vrc-search-results-block-list\">\r\n\r\n\t<div class=\"car_result\">\r\n\t\t<div class=\"vrc-car-result-left\">\r\n\t\t\t\t\t<img decoding=\"async\" class=\"imgresult\" alt=\"Hyundai i20 or similar\" src=\"https:\/\/ontheroadlesvos.com\/wp-content\/plugins\/vikrentcar\/admin\/resources\/1hyundai_i20.webp\"\/>\r\n\t\t\t\t\t<\/div>\r\n\t\t<div class=\"vrc-car-result-right\">\r\n\t\t\t<div class=\"vrc-car-result-rightinner\">\r\n\t\t\t\t<div class=\"vrc-car-result-rightinner-deep\">\r\n\t\t\t\t\t<div class=\"vrc-car-result-inner\">\r\n\t\t\t\t\t\t<h4 class=\"vrc-car-name\">\r\n\t\t\t\t\t\t\t<a href=\"https:\/\/ontheroadlesvos.com\/tr\/group-b\/?option=com_vikrentcar&amp;view=cardetails&amp;carid=8\">Hyundai i20 veya benzeri<\/a>\r\n\t\t\t\t\t\t<\/h4>\r\n\t\t\t\t\t\t\t\t\t\t\t<div class=\"vrc-car-category\">GRUP B<\/div>\r\n\t\t\t\t\t\t\t\t\t\t\t\t<div class=\"vrc-car-result-description\">\r\n\t\t\t\t\t\t<p>Ekonomik ve ferah ara\u00e7. Motor 1200cc ve komfor i\u00e7eri ile k\u00fc\u00e7\u00fck modellerden daha b\u00fcy\u00fck ferah sa\u011flar. Rahat ve g\u00fcvenilir s\u00fcr\u00fc\u015f\u00fc. Lesvos\u2019 un pitoresk k\u00f6yleri, sahil yollar\u0131 ve da\u011fl\u0131k k\u0131rsal\u0131nda ideal. Bu se\u00e7im komfor ve g\u00fcvenilirlik arayan \u00e7iftler veya k\u00fc\u00e7\u00fck aileler i\u00e7in m\u00fckemmeldir.<\/p>\n<p><strong>Benzer Modeller: <\/strong><a href=\"https:\/\/ontheroadlesvos.com\/tr\/fleet\/?view=cardetails&amp;carid=9\">Suzuki Ignis<\/a><strong><br \/>\n<\/strong><\/p>\n\t\t\t\t\t\t<\/div>\r\n\t\t\t\t\t\t\t\t\t\t\t\t\t<div class=\"vrc-car-characteristics\">\r\n\t\t\t\t\t\t\t\t<div class=\"vrccaratsdiv\"><div class=\"vrccarcarat\"><span class=\"vrc-carat-cont\"><span class=\"vrc-expl\" data-vrc-expl=\"1200cc\"><i class=\"fas fa-car\"><\/i> 1200cc<\/span><\/span>\n<\/div><div class=\"vrccarcarat\"><span class=\"vrc-carat-cont\"><span class=\"vrc-expl\" data-vrc-expl=\"Manual\"><i class=\"fas fa-cogs\"><\/i> Manuel<\/span><\/span>\n<\/div><div class=\"vrccarcarat\"><span class=\"vrc-carat-cont\"><span class=\"vrc-expl\" data-vrc-expl=\"5 passengers\"><i class=\"fas fa-user\"><\/i> 5 ki\u015fi<\/span><\/span>\n<\/div><div class=\"vrccarcarat\"><span class=\"vrc-carat-cont\"><span class=\"vrc-expl\" data-vrc-expl=\"A\/C\"><i class=\"fas fa-snowflake\"><\/i> Klima var<\/span><\/span>\n<\/div><div class=\"vrccarcarat\"><span class=\"vrc-carat-cont\"><img decoding=\"async\" src=\"https:\/\/ontheroadlesvos.com\/wp-content\/uploads\/2025\/05\/usb.svg\" width=\"20\" height=\"20\"> USB<\/span>\n<\/div><div class=\"vrccarcarat\"><span class=\"vrc-carat-cont\"><img decoding=\"async\" src=\"https:\/\/ontheroadlesvos.com\/wp-content\/uploads\/2025\/05\/bluetooth-icon.svg\" width=\"20\" height=\"20\"> Bluetooth<\/span>\n<\/div><\/div>\n\t\t\t\t\t\t\t<\/div>\r\n\t\t\t\t\t\t\t\t\t\t\t\t<\/div>\r\n\t\t\t\t\t<div class=\"vrc-car-lastblock\">\r\n\t\t\t\t\t\t<div class=\"vrc-car-price\">\r\n\t\t\t\t\t\t\t<div class=\"vrcsrowpricediv\">\r\n\t\t\t\t\t\t\t\t\t\t\t\t\t\t\t<span class=\"vrcstartfrom\">Onlar ba\u015fl\u0131yor<\/span>\r\n\t\t\t\t\t\t\t\t<span class=\"car_cost\"><span class=\"vrc_currency\">\u20ac<\/span> <span class=\"vrc_price\">40,00<\/span><\/span>\r\n\t\t\t\t\t\t\t\t\t\t\t\t\t\t<\/div>\r\n\t\t\t\t\t\t<\/div>\r\n\t\t\t\t\t\t<div class=\"vrc-car-bookingbtn\">\r\n\t\t\t\t\t\t\t<span class=\"vrclistgoon\"><a class=\"btn vrc-pref-color-btn\" href=\"https:\/\/ontheroadlesvos.com\/tr\/group-b\/?option=com_vikrentcar&amp;view=cardetails&amp;carid=8\">Detaylar\u0131 G\u00f6ster<\/a><\/span>\r\n\t\t\t\t\t\t<\/div>\r\n\t\t\t\t\t<\/div>\r\n\t\t\t\t<\/div>\r\n\t\t\t<\/div>\r\n\t\t<\/div>\r\n\t<\/div>\r\n\t\t<div class=\"car_result\">\r\n\t\t<div class=\"vrc-car-result-left\">\r\n\t\t\t\t\t<img decoding=\"async\" class=\"imgresult\" alt=\"Suzuki Ignis or similar\" src=\"https:\/\/ontheroadlesvos.com\/wp-content\/plugins\/vikrentcar\/admin\/resources\/suzuki-ignis-img01.webp\"\/>\r\n\t\t\t\t\t<\/div>\r\n\t\t<div class=\"vrc-car-result-right\">\r\n\t\t\t<div class=\"vrc-car-result-rightinner\">\r\n\t\t\t\t<div class=\"vrc-car-result-rightinner-deep\">\r\n\t\t\t\t\t<div class=\"vrc-car-result-inner\">\r\n\t\t\t\t\t\t<h4 class=\"vrc-car-name\">\r\n\t\t\t\t\t\t\t<a href=\"https:\/\/ontheroadlesvos.com\/tr\/group-b\/?option=com_vikrentcar&amp;view=cardetails&amp;carid=9\">Suzuki Ignis veya benzeri<\/a>\r\n\t\t\t\t\t\t<\/h4>\r\n\t\t\t\t\t\t\t\t\t\t\t<div class=\"vrc-car-category\">GRUP B<\/div>\r\n\t\t\t\t\t\t\t\t\t\t\t\t<div class=\"vrc-car-result-description\">\r\n\t\t\t\t\t\t<p>Y\u00fcksek s\u00fcr\u00fc\u015f pozisyonu ve m\u00fckemmel y\u00f6nl\u00fcl\u00fc\u011fe sahip kompakt ve yetenekli bir mini SUV. K\u00f6ylerin dar sokaklar\u0131ndan engebeli sahil yollar\u0131na, Lesvos'un en zorlu yollar\u0131yla ba\u015fa \u00e7\u0131kmak i\u00e7in 1200cc motor ile in\u015fa edilmi\u015ftir. Macera arayan \u00e7iftler veya rahatl\u0131k ve e\u011flenceli bir deneyim isten k\u00fc\u00e7\u00fck aileler i\u00e7in ak\u0131ll\u0131 bir se\u00e7im.<\/p>\n<p><strong>Benzer Modeller: <\/strong><a href=\"https:\/\/ontheroadlesvos.com\/tr\/fleet\/?view=cardetails&amp;carid=8\">Hyundai i20<\/a><strong><br \/>\n<\/strong><\/p>\n\t\t\t\t\t\t<\/div>\r\n\t\t\t\t\t\t\t\t\t\t\t\t\t<div class=\"vrc-car-characteristics\">\r\n\t\t\t\t\t\t\t\t<div class=\"vrccaratsdiv\"><div class=\"vrccarcarat\"><span class=\"vrc-carat-cont\"><span class=\"vrc-expl\" data-vrc-expl=\"1200cc\"><i class=\"fas fa-car\"><\/i> 1200cc<\/span><\/span>\n<\/div><div class=\"vrccarcarat\"><span class=\"vrc-carat-cont\"><span class=\"vrc-expl\" data-vrc-expl=\"Manual\"><i class=\"fas fa-cogs\"><\/i> Manuel<\/span><\/span>\n<\/div><div class=\"vrccarcarat\"><span class=\"vrc-carat-cont\"><span class=\"vrc-expl\" data-vrc-expl=\"5 passengers\"><i class=\"fas fa-user\"><\/i> 5 ki\u015fi<\/span><\/span>\n<\/div><div class=\"vrccarcarat\"><span class=\"vrc-carat-cont\"><span class=\"vrc-expl\" data-vrc-expl=\"A\/C\"><i class=\"fas fa-snowflake\"><\/i> Klima var<\/span><\/span>\n<\/div><div class=\"vrccarcarat\"><span class=\"vrc-carat-cont\"><img decoding=\"async\" src=\"https:\/\/ontheroadlesvos.com\/wp-content\/uploads\/2025\/05\/usb.svg\" width=\"20\" height=\"20\"> USB<\/span>\n<\/div><div class=\"vrccarcarat\"><span class=\"vrc-carat-cont\"><img decoding=\"async\" src=\"https:\/\/ontheroadlesvos.com\/wp-content\/uploads\/2025\/05\/bluetooth-icon.svg\" width=\"20\" height=\"20\"> Bluetooth<\/span>\n<\/div><\/div>\n\t\t\t\t\t\t\t<\/div>\r\n\t\t\t\t\t\t\t\t\t\t\t\t<\/div>\r\n\t\t\t\t\t<div class=\"vrc-car-lastblock\">\r\n\t\t\t\t\t\t<div class=\"vrc-car-price\">\r\n\t\t\t\t\t\t\t<div class=\"vrcsrowpricediv\">\r\n\t\t\t\t\t\t\t\t\t\t\t\t\t\t\t<span class=\"vrcstartfrom\">Onlar ba\u015fl\u0131yor<\/span>\r\n\t\t\t\t\t\t\t\t<span class=\"car_cost\"><span class=\"vrc_currency\">\u20ac<\/span> <span class=\"vrc_price\">40,00<\/span><\/span>\r\n\t\t\t\t\t\t\t\t\t\t\t\t\t\t<\/div>\r\n\t\t\t\t\t\t<\/div>\r\n\t\t\t\t\t\t<div class=\"vrc-car-bookingbtn\">\r\n\t\t\t\t\t\t\t<span class=\"vrclistgoon\"><a class=\"btn vrc-pref-color-btn\" href=\"https:\/\/ontheroadlesvos.com\/tr\/group-b\/?option=com_vikrentcar&amp;view=cardetails&amp;carid=9\">Detaylar\u0131 G\u00f6ster<\/a><\/span>\r\n\t\t\t\t\t\t<\/div>\r\n\t\t\t\t\t<\/div>\r\n\t\t\t\t<\/div>\r\n\t\t\t<\/div>\r\n\t\t<\/div>\r\n\t<\/div>\r\n\t<\/div>\r\n\r\n<script type=\"text\/javascript\">\r\njQuery(function() {\r\n\tif (jQuery('.car_result').length) {\r\n\t\tjQuery('.car_result').each(function() {\r\n\t\t\tvar car_img = jQuery(this).find('.vrc-car-result-left').find('img');\r\n\t\t\tif (car_img.length) {\r\n\t\t\t\tjQuery(this).find('.vrc-car-result-right').find('.vrc-car-result-rightinner').find('.vrc-car-result-rightinner-deep').find('.vrc-car-result-inner').css('min-height', car_img.height()+'px');\r\n\t\t\t}\r\n\t\t});\r\n\t};\r\n});\r\n<\/script>\r\n\n<\/div>","protected":false},"excerpt":{"rendered":"","protected":false},"author":5,"featured_media":0,"parent":0,"menu_order":0,"comment_status":"closed","ping_status":"closed","template":"","meta":{"_monsterinsights_skip_tracking":false,"_monsterinsights_sitenote_active":false,"_monsterinsights_sitenote_note":"","_monsterinsights_sitenote_category":0,"footnotes":""},"class_list":["post-575","page","type-page","status-publish","hentry"],"yoast_head":"<!-- This site is optimized with the Yoast SEO plugin v27.2 - https:\/\/yoast.com\/product\/yoast-seo-wordpress\/ -->\n<title>GROUP B | On The Road Car Rental Lesvos<\/title>\n<meta name=\"description\" content=\"Explore Lesvos with our Group B compact manual cars. Perfect balance of space, comfort, and economy for your island adventure.\" \/>\n<meta name=\"robots\" content=\"index, follow, max-snippet:-1, max-image-preview:large, max-video-preview:-1\" \/>\n<link rel=\"canonical\" href=\"https:\/\/ontheroadlesvos.com\/tr\/group-b\/\" \/>\n<meta property=\"og:locale\" content=\"tr_TR\" \/>\n<meta property=\"og:type\" content=\"article\" \/>\n<meta property=\"og:title\" content=\"GROUP B | On The Road Car Rental Lesvos\" \/>\n<meta property=\"og:description\" content=\"Explore Lesvos with our Group B compact manual cars. Perfect balance of space, comfort, and economy for your island adventure.\" \/>\n<meta property=\"og:url\" content=\"https:\/\/ontheroadlesvos.com\/tr\/group-b\/\" \/>\n<meta property=\"og:site_name\" content=\"On The Road\" \/>\n<meta property=\"article:publisher\" content=\"https:\/\/www.facebook.com\/ontheroad.lesvos\" \/>\n<meta property=\"article:modified_time\" content=\"2025-05-20T09:07:38+00:00\" \/>\n<meta name=\"twitter:card\" content=\"summary_large_image\" \/>\n<meta name=\"twitter:label1\" content=\"Tahmini okuma s\u00fcresi\" \/>\n\t<meta name=\"twitter:data1\" content=\"1 dakika\" \/>\n<script type=\"application\/ld+json\" class=\"yoast-schema-graph\">{\"@context\":\"https:\/\/schema.org\",\"@graph\":[{\"@type\":\"WebPage\",\"@id\":\"https:\/\/ontheroadlesvos.com\/group-b\/\",\"url\":\"https:\/\/ontheroadlesvos.com\/group-b\/\",\"name\":\"GROUP B | On The Road Car Rental Lesvos\",\"isPartOf\":{\"@id\":\"https:\/\/ontheroadlesvos.com\/#website\"},\"datePublished\":\"2025-03-26T18:13:39+00:00\",\"dateModified\":\"2025-05-20T09:07:38+00:00\",\"description\":\"Explore Lesvos with our Group B compact manual cars. Perfect balance of space, comfort, and economy for your island adventure.\",\"breadcrumb\":{\"@id\":\"https:\/\/ontheroadlesvos.com\/group-b\/#breadcrumb\"},\"inLanguage\":\"tr\",\"potentialAction\":[{\"@type\":\"ReadAction\",\"target\":[\"https:\/\/ontheroadlesvos.com\/group-b\/\"]}]},{\"@type\":\"BreadcrumbList\",\"@id\":\"https:\/\/ontheroadlesvos.com\/group-b\/#breadcrumb\",\"itemListElement\":[{\"@type\":\"ListItem\",\"position\":1,\"name\":\"Home\",\"item\":\"https:\/\/ontheroadlesvos.com\/\"},{\"@type\":\"ListItem\",\"position\":2,\"name\":\"GROUP B\"}]},{\"@type\":\"WebSite\",\"@id\":\"https:\/\/ontheroadlesvos.com\/#website\",\"url\":\"https:\/\/ontheroadlesvos.com\/\",\"name\":\"On The Road\",\"description\":\"Car Rental Lesvos\",\"publisher\":{\"@id\":\"https:\/\/ontheroadlesvos.com\/#organization\"},\"potentialAction\":[{\"@type\":\"SearchAction\",\"target\":{\"@type\":\"EntryPoint\",\"urlTemplate\":\"https:\/\/ontheroadlesvos.com\/?s={search_term_string}\"},\"query-input\":{\"@type\":\"PropertyValueSpecification\",\"valueRequired\":true,\"valueName\":\"search_term_string\"}}],\"inLanguage\":\"tr\"},{\"@type\":\"Organization\",\"@id\":\"https:\/\/ontheroadlesvos.com\/#organization\",\"name\":\"On The Road\",\"url\":\"https:\/\/ontheroadlesvos.com\/\",\"logo\":{\"@type\":\"ImageObject\",\"inLanguage\":\"tr\",\"@id\":\"https:\/\/ontheroadlesvos.com\/#\/schema\/logo\/image\/\",\"url\":\"https:\/\/ontheroadlesvos.com\/wp-content\/uploads\/2025\/02\/logo-on-the-road-trans.png\",\"contentUrl\":\"https:\/\/ontheroadlesvos.com\/wp-content\/uploads\/2025\/02\/logo-on-the-road-trans.png\",\"width\":200,\"height\":70,\"caption\":\"On The Road\"},\"image\":{\"@id\":\"https:\/\/ontheroadlesvos.com\/#\/schema\/logo\/image\/\"},\"sameAs\":[\"https:\/\/www.facebook.com\/ontheroad.lesvos\",\"https:\/\/www.instagram.com\/ontheroad_lesvos\/\"]}]}<\/script>\n<!-- \/ Yoast SEO plugin. -->","yoast_head_json":{"title":"GROUP B | On The Road Car Rental Lesvos","description":"Explore Lesvos with our Group B compact manual cars. Perfect balance of space, comfort, and economy for your island adventure.","robots":{"index":"index","follow":"follow","max-snippet":"max-snippet:-1","max-image-preview":"max-image-preview:large","max-video-preview":"max-video-preview:-1"},"canonical":"https:\/\/ontheroadlesvos.com\/tr\/group-b\/","og_locale":"tr_TR","og_type":"article","og_title":"GROUP B | On The Road Car Rental Lesvos","og_description":"Explore Lesvos with our Group B compact manual cars. Perfect balance of space, comfort, and economy for your island adventure.","og_url":"https:\/\/ontheroadlesvos.com\/tr\/group-b\/","og_site_name":"On The Road","article_publisher":"https:\/\/www.facebook.com\/ontheroad.lesvos","article_modified_time":"2025-05-20T09:07:38+00:00","twitter_card":"summary_large_image","twitter_misc":{"Tahmini okuma s\u00fcresi":"1 dakika"},"schema":{"@context":"https:\/\/schema.org","@graph":[{"@type":"WebPage","@id":"https:\/\/ontheroadlesvos.com\/group-b\/","url":"https:\/\/ontheroadlesvos.com\/group-b\/","name":"GROUP B | On The Road Car Rental Lesvos","isPartOf":{"@id":"https:\/\/ontheroadlesvos.com\/#website"},"datePublished":"2025-03-26T18:13:39+00:00","dateModified":"2025-05-20T09:07:38+00:00","description":"Explore Lesvos with our Group B compact manual cars. Perfect balance of space, comfort, and economy for your island adventure.","breadcrumb":{"@id":"https:\/\/ontheroadlesvos.com\/group-b\/#breadcrumb"},"inLanguage":"tr","potentialAction":[{"@type":"ReadAction","target":["https:\/\/ontheroadlesvos.com\/group-b\/"]}]},{"@type":"BreadcrumbList","@id":"https:\/\/ontheroadlesvos.com\/group-b\/#breadcrumb","itemListElement":[{"@type":"ListItem","position":1,"name":"Home","item":"https:\/\/ontheroadlesvos.com\/"},{"@type":"ListItem","position":2,"name":"GROUP B"}]},{"@type":"WebSite","@id":"https:\/\/ontheroadlesvos.com\/#website","url":"https:\/\/ontheroadlesvos.com\/","name":"On The Road","description":"Car Rental Lesvos","publisher":{"@id":"https:\/\/ontheroadlesvos.com\/#organization"},"potentialAction":[{"@type":"SearchAction","target":{"@type":"EntryPoint","urlTemplate":"https:\/\/ontheroadlesvos.com\/?s={search_term_string}"},"query-input":{"@type":"PropertyValueSpecification","valueRequired":true,"valueName":"search_term_string"}}],"inLanguage":"tr"},{"@type":"Organization","@id":"https:\/\/ontheroadlesvos.com\/#organization","name":"On The Road","url":"https:\/\/ontheroadlesvos.com\/","logo":{"@type":"ImageObject","inLanguage":"tr","@id":"https:\/\/ontheroadlesvos.com\/#\/schema\/logo\/image\/","url":"https:\/\/ontheroadlesvos.com\/wp-content\/uploads\/2025\/02\/logo-on-the-road-trans.png","contentUrl":"https:\/\/ontheroadlesvos.com\/wp-content\/uploads\/2025\/02\/logo-on-the-road-trans.png","width":200,"height":70,"caption":"On The Road"},"image":{"@id":"https:\/\/ontheroadlesvos.com\/#\/schema\/logo\/image\/"},"sameAs":["https:\/\/www.facebook.com\/ontheroad.lesvos","https:\/\/www.instagram.com\/ontheroad_lesvos\/"]}]}},"_links":{"self":[{"href":"https:\/\/ontheroadlesvos.com\/tr\/wp-json\/wp\/v2\/pages\/575","targetHints":{"allow":["GET"]}}],"collection":[{"href":"https:\/\/ontheroadlesvos.com\/tr\/wp-json\/wp\/v2\/pages"}],"about":[{"href":"https:\/\/ontheroadlesvos.com\/tr\/wp-json\/wp\/v2\/types\/page"}],"author":[{"embeddable":true,"href":"https:\/\/ontheroadlesvos.com\/tr\/wp-json\/wp\/v2\/users\/5"}],"replies":[{"embeddable":true,"href":"https:\/\/ontheroadlesvos.com\/tr\/wp-json\/wp\/v2\/comments?post=575"}],"version-history":[{"count":1,"href":"https:\/\/ontheroadlesvos.com\/tr\/wp-json\/wp\/v2\/pages\/575\/revisions"}],"predecessor-version":[{"id":3014,"href":"https:\/\/ontheroadlesvos.com\/tr\/wp-json\/wp\/v2\/pages\/575\/revisions\/3014"}],"wp:attachment":[{"href":"https:\/\/ontheroadlesvos.com\/tr\/wp-json\/wp\/v2\/media?parent=575"}],"curies":[{"name":"wp","href":"https:\/\/api.w.org\/{rel}","templated":true}]}}