{"id":4122,"date":"2025-07-01T12:00:37","date_gmt":"2025-07-01T09:00:37","guid":{"rendered":"https:\/\/ontheroadlesvos.com\/?page_id=4122"},"modified":"2025-07-03T20:48:13","modified_gmt":"2025-07-03T17:48:13","slug":"car-rental-terms","status":"publish","type":"page","link":"https:\/\/ontheroadlesvos.com\/tr\/car-rental-terms\/","title":{"rendered":"Genel Kiralama Ko\u015fullar\u0131"},"content":{"rendered":"<div data-elementor-type=\"wp-page\" data-elementor-id=\"4122\" class=\"elementor elementor-4122\">\n\t\t\t\t<div class=\"elementor-element elementor-element-26cca65a e-flex e-con-boxed e-con e-parent\" data-id=\"26cca65a\" data-element_type=\"container\" data-e-type=\"container\">\n\t\t\t\t\t<div class=\"e-con-inner\">\n\t\t\t\t<div class=\"elementor-element elementor-element-df380fb elementor-widget elementor-widget-heading\" data-id=\"df380fb\" data-element_type=\"widget\" data-e-type=\"widget\" data-widget_type=\"heading.default\">\n\t\t\t\t<div class=\"elementor-widget-container\">\n\t\t\t\t\t<h3 class=\"elementor-heading-title elementor-size-default\">Genel Kiralama Ko\u015fullar\u0131<\/h3>\t\t\t\t<\/div>\n\t\t\t\t<\/div>\n\t\t\t\t<div class=\"elementor-element elementor-element-97645dd elementor-widget elementor-widget-text-editor\" data-id=\"97645dd\" data-element_type=\"widget\" data-e-type=\"widget\" data-widget_type=\"text-editor.default\">\n\t\t\t\t<div class=\"elementor-widget-container\">\n\t\t\t\t\t\t\t\t\t<p>ON THE ROAD CAR RENTAL (bundan sonra \u201cK\u0130RALAYAN\u201d olarak an\u0131lacakt\u0131r), bu s\u00f6zle\u015fmenin ko\u015fullar\u0131na dayanarak \u00f6n sayfa listelenen arac\u0131 (veya herhangi de\u011fi\u015ftiren bir ara\u00e7) K\u0130RACI\u2019 ya kiralamaktad\u0131r. Bu s\u00f6zle\u015fme kapsam\u0131nda K\u0130RACI taraf\u0131ndan a\u015fa\u011f\u0131daki ko\u015fullar\u0131 kabul etmektedir.<\/p>\n<p><strong>1. ARA\u00c7 ALINMA VE TESL\u0130MAT<\/strong><\/p>\n<p>K\u0130RACI, al\u0131nma s\u0131ras\u0131nda arac\u0131 incelemek zorundad\u0131r. Arac\u0131n kiralayan\u0131n mutlak be\u011fenisine uygun, kiralad\u0131\u011f\u0131 ama\u00e7 ve kullan\u0131ma uygun olmas\u0131 gerekmektedir. Ara\u00e7 teslim al\u0131nd\u0131\u011f\u0131nda, t\u00fcm ekipmanlar\u0131yla birlikte al\u0131nd\u0131\u011f\u0131 durumda olmal\u0131d\u0131r. Kirac\u0131, s\u00f6zle\u015fmenin sona ermesi \u00fczerine, arac\u0131 kararla\u015ft\u0131r\u0131lan yer ve zamanda teslim etmekle y\u00fck\u00fcml\u00fcd\u00fcr. Aksi takdirde kiralama K\u0130RALAYAN ara\u00e7 anahtar\u0131n\u0131 eline almas\u0131na kadar uzat\u0131l\u0131r, ancak bu s\u00fcre i\u00e7erisinde arac\u0131n \u00e7al\u0131nmas\u0131 veya hasar g\u00f6rmesi halinde K\u0130RACI sorumlu tutulabilir. E\u011fer Kirac\u0131, arac\u0131n kiralama s\u00fcresini uzatmak isterse kiralama s\u00f6zle\u015fmesinin bitiminden en az 24 saat \u00f6nce K\u0130RALAYAN\u2019A ilgili onay\u0131 almak i\u00e7in bildirimde bulunmakla y\u00fck\u00fcml\u00fcd\u00fcr. Aksi takdirde kararla\u015ft\u0131r\u0131lan teslim saatinden itibaren 2 saat ge\u00e7tikten sonra K\u0130RACI\u0384ya ek bir kira g\u00fcnl\u00fck bor\u00e7land\u0131r\u0131lacakt\u0131r. \nGenellikle, K\u0130RACI arac\u0131n tutuldu\u011fu her ek g\u00fcn i\u00e7in bor\u00e7land\u0131r\u0131lacakt\u0131r ama K\u0130RALAYAN\u0384\u0131n kira s\u00f6zle\u015fmesinin uzat\u0131lmas\u0131 i\u00e7in yaz\u0131l\u0131 onay\u0131na tabidir. Ara\u00e7 kararla\u015ft\u0131r\u0131lan zamanda teslim edilmezse veya K\u0130RALAYAN\u0384\u0131n, mal\u0131n hasar g\u00f6rmesi veya kaybolmas\u0131 riskinin bulundu\u011funa karar vermesi halinde veya bu s\u00f6zle\u015fmenin ko\u015fullar\u0131n\u0131n ihlali K\u0130RACI'NIN r\u0131zas\u0131 olmaks\u0131z\u0131n, ancak onun bor\u00e7lar\u0131 ile birlikte, arac\u0131n\u0131 herhangi bir \u015fekilde devralma hakk\u0131na sahiptir.<\/p><p><br><\/p>\n<p><\/p>\n<p><strong>2. REZERVASYON \u0130PTAL POL\u0130T\u0130KASI<\/strong><\/p>\n<p><strong>\u00dccretsiz \u0130ptal<\/strong><\/p>\n<p>Rezervasyon tarihinize 7 g\u00fcn kala se\u00e7ti\u011finiz arac\u0131 \u00fccretsiz iptal edebilirsiniz.<\/p>\n<p><strong>7 g\u00fcn i\u00e7inde iptaller<\/strong><\/p>\n<p>7 g\u00fcnden k\u0131sa s\u00fcrede 48 saate kadar rezervasyon iptal ederse toplam rezervasyon de\u011ferinin 'u oran\u0131nda bir \u00fccret al\u0131nmaktad\u0131r.<\/p>\n<p><strong>48 saat i\u00e7inde iptaller<\/strong><\/p>\n<p>48 saat k\u0131sa s\u00fcrede rezervasyon iptal ederse veya gelmeme durumunda (no-show) geri \u00f6deme yap\u0131lmad\u0131.<\/p>\n<p><strong>Rezervasyonun De\u011fi\u015fimi<\/strong><\/p>\n<p>Rezervasyon de\u011fi\u015fikli\u011fi planlanan teslim alma saatinden en az 72 saat \u00f6nce yap\u0131l\u0131rsa ara\u00e7lar\u0131n mevcudiyedi ba\u011fl\u0131 olarak ve ek \u00fccret \u00f6demeden kabul edilebilir.<\/p>\n<p><strong>Geri \u00d6deme<\/strong><\/p>\n<p>7 i\u015f g\u00fcn i\u00e7imde iptal tarihinden itibaren herhangi geri \u00f6demeler yapab\u0131l\u0131r. Para geri \u00f6deme, \u00f6deme i\u00e7in kullan\u0131lan banka hesab\u0131na veya karta iade edilir.<\/p><p><br><\/p>\n<p><\/p>\n<p><strong>3. ARA\u00c7 KULLANIMI - K\u0130RACI Y\u00dcK\u00dcML\u00dcL\u00dcKLER\u0130<\/strong><\/p>\n<p>Ara\u00e7, yaln\u0131zca yasal ve ge\u00e7erli bir s\u00fcr\u00fcc\u00fc belgesine sahip olan ki\u015filer taraf\u0131ndan asfalt yollarda kullan\u0131labilir. AB \u00fcyesi olmayan \u00fclke vatanda\u015flar\u0131n\u0131n normal diploman\u0131n yan\u0131 s\u0131ra uluslararas\u0131 diplomaya da sahip olmalar\u0131 gerekmektedir. K\u0130RACI en az 23 ya\u015f\u0131nda olmal\u0131d\u0131r. T\u00fcm ara\u00e7larda sigara i\u00e7ilmez.  Arac\u0131n yollar\u0131n d\u0131\u015f\u0131nda, s\u00fcr\u00fc\u015f dersi ve test drive i\u00e7in kullan\u0131lmas\u0131 yasakt\u0131r. Ayr\u0131ca, arac\u0131n h\u0131z yar\u0131\u015flar\u0131na veya motor sporlar\u0131na kat\u0131lmas\u0131 veya bunlar\u0131 takip etmesi yasakt\u0131r. Arac\u0131n \u00fc\u00e7\u00fcnc\u00fc \u015fah\u0131slara kiralanmas\u0131, tehlikeli ve yan\u0131c\u0131 y\u00fcklerin, uyu\u015fturucu maddelerin, kirli veya kokulu maddelerin ta\u015f\u0131nmas\u0131, ba\u015fka ara\u00e7lar\u0131n itilmesi veya \u00e7ekilmesi yasakt\u0131r. Alkol, hal\u00fcsinojen, uyu\u015fturucu veya di\u011fer maddelerin etkisi alt\u0131nda olan bir ki\u015finin ara\u00e7 kullanmas\u0131 yasakt\u0131r. \u00dccret kar\u015f\u0131l\u0131\u011f\u0131nda insan veya e\u015fya ta\u015f\u0131nmas\u0131, yerli veya yabanc\u0131 ki\u015filerin yasad\u0131\u015f\u0131 ta\u015f\u0131nmas\u0131, kiralanan ara\u00e7la yasa d\u0131\u015f\u0131 eylemlerde ger\u00e7ekle\u015ftirilmesi ve Karayollar\u0131 Trafik Kanunu, g\u00fcmr\u00fck, trafik veya di\u011fer d\u00fczenlemelerin h\u00fck\u00fcmlerine ayk\u0131r\u0131 olarak arac\u0131n s\u00fcr\u00fclmesi yasakt\u0131r. Kirac\u0131 d\u0131\u015f\u0131nda \u00fc\u00e7\u00fcnc\u00fc \u015fah\u0131slar\u0131n arac\u0131 kullanmas\u0131 yasakt\u0131r. Arac\u0131n \u00fc\u00e7\u00fcnc\u00fc bir \u015fah\u0131s taraf\u0131ndan kullan\u0131labilmesi i\u00e7in, K\u0130RACI'NIN bu durumu ek \u00fccret kar\u015f\u0131l\u0131\u011f\u0131nda kabul etmi\u015f olmas\u0131 gerekmektedir. Bu arac\u0131n Yunanistan d\u0131\u015f\u0131na \u00e7\u0131kar\u0131lmas\u0131 veya yaz\u0131l\u0131 izin olmaks\u0131z\u0131n bir gemiye y\u00fcklenmesi kesinlikle yasakt\u0131r. K\u0130RACI, arac\u0131n bak\u0131m\u0131n\u0131 i\u00e7in mekanik durumunu, ya\u011f ve su seviyelerini, lastiklerini vb. kontrol ettirmekle ve \u00e7al\u0131nmas\u0131n\u0131 \u00f6nlemek i\u00e7in her t\u00fcrl\u00fc \u00f6nlemi almakla y\u00fck\u00fcml\u00fcd\u00fcr. Arac\u0131n uygun yak\u0131t\u0131 kullanmas\u0131 gerekmektedir. Bak\u0131m ihtiyaci ortaya \u00e7\u0131karsa veya K\u0130RACI bir sorun fark ederse, derhal K\u0130RALAYAN\u0384A bilgi vermelidir. K\u0130RALAYAN\u0384\u0131n onay\u0131 olmaks\u0131z\u0131n K\u0130RACI veya \u00fc\u00e7\u00fcnc\u00fc ki\u015filer taraf\u0131ndan arac\u0131n onar\u0131lmas\u0131 yasakt\u0131r. Kirac\u0131, yukar\u0131daki hususlara uyulmamas\u0131 nedeniyle arac\u0131n hasar g\u00f6rmesi veya \u00e7al\u0131nmas\u0131 halinde orta kasko kabul etmi\u015f olsa bile sorumluluktan muaf de\u011fildir. Kirac\u0131, bir kaza veya di\u011fer t\u00fcrden kaza sonucu bir olay\u0131n meydana gelmesi halinde derhal a\u015fa\u011f\u0131daki i\u015flemleri yapmakla y\u00fck\u00fcml\u00fcd\u00fcr; a. arac\u0131n foto\u011fraflar\u0131n\u0131 \u00e7ekmek, b. polisi telefon aramak, c. g\u00f6rg\u00fc tan\u0131klar\u0131n\u0131n isimlerini ve adreslerini kaydetmek, \u00e7. Yetkililerin taraf\u0131ndan birine atfedene kadar kazan\u0131n dolay\u0131 i\u00e7in hi\u00e7bir sorumluluk kabul etmemek, d. KIRALAYAN\u0384a herhangi bir \u015fekilde derhal bilgi vermek, e. kazayla ilgili t\u00fcm gerekli bilgileri kaydetmek (ba\u015fka bir s\u00fcr\u00fcc\u00fcn\u00fcn ad\u0131, ara\u00e7 plaka numaras\u0131 vb), f. Kazadan sonraki 24 saat i\u00e7inde KIRALAYAN\u0384a olay\u0131 a\u00e7\u0131klayan imzal\u0131 polis bir not sunmak.<\/p><p><br><\/p>\n<p><\/p>\n<p><strong>4. K\u0130RACI \u00dcCRETLER\u0130<\/strong><\/p>\n<p>K\u0130RACI, kira s\u00f6zle\u015fmesinin ba\u015flang\u0131c\u0131nda kira bedelinin tamam\u0131n\u0131 ama sonunda her t\u00fcrl\u00fc\ndi\u011fer \u00fccret fazla kiralamadan do\u011fabilecek K\u0130RALAYAN\u0384a \u00f6demekle y\u00fck\u00fcml\u00fcd\u00fcr (yak\u0131t,\ncezalar, masraflar, hasarlar, vb). \u00d6deme kredi kart\u0131yla yap\u0131l\u0131rsa kart sahibinin imzas\u0131 ile\nK\u0130RALAYAN yetkili k\u0131l\u0131n\u0131r. Bu durumda K\u0130RALAYAN, K\u0130RACI'NIN kredi kart\u0131 hesab\u0131ndan toplam kira bedelini ve yukar\u0131da belirtilen ilgili masraflar\u0131 tahsil edebilir. Bu yetki, hasar bedeli,\narac\u0131n \u00e7ekilmesi veya ta\u015f\u0131nmas\u0131 masraflar\u0131, trafik cezalar\u0131 ve yasak parketme gibi sonraki\nmasraflar i\u00e7in de ge\u00e7erlidir.\nHer ek s\u00fcr\u00fcc\u00fc i\u00e7in g\u00fcnl\u00fck \u00fccret 3\u20ac.\nK\u0130RACI, arac\u0131 yeterince temiz, a\u015f\u0131r\u0131 kirli olmayan d\u0131\u015f ve i\u00e7 k\u0131s\u0131mlar\u0131yla teslim etmelidir, aksi\ntakdirde ek temizlik \u00fccreti al\u0131nacakt\u0131r. K\u0130RACI ayr\u0131ca \u00fccretlendirilir; a. kararla\u015ft\u0131r\u0131lan\nkilometrenin \u00fczerindeki fazla kilometre i\u00e7in (seyahat edilen kilometre say\u0131s\u0131, kiralama\nba\u015flang\u0131c\u0131nda ve sonundaki kilometre sayac\u0131 okumalar\u0131na g\u00f6re hesaplan\u0131r), b. arac\u0131n teslim\nal\u0131nd\u0131\u011f\u0131 zamanki yak\u0131t seviyesiyle iade edilmemesi durumunda, c. K\u0130RACI'NIN kullanmaya karar verdi\u011fi herhangi bir hizmet ve risk kapsam\u0131 i\u00e7in madde 4\u2019 te belirlenen \u015fekilde, \u00e7. her t\u00fcrl\u00fc vergi, \u00fccret, harcama, yasal \u00fccreti veya di\u011fer ara\u00e7 kiralama ilgili masraflar ile, d. K\u0130RACI\ntaraf\u0131ndan arac\u0131n kullan\u0131m\u0131 s\u0131ras\u0131nda yap\u0131lan ihlaller nedeniyle K\u0130RALAYANA uygulanan veya\nuygulanabilecek her t\u00fcrl\u00fc parasal ceza, para cezas\u0131, yasal \u00fccreti ve di\u011fer masraflar dahil\nolmak \u00fczere, e. hasar\u0131 onarmak veya lastikleri de\u011fi\u015ftirmek, tekerlekler veya jantlar, anahtarlar,k\u0131r\u0131k camlar\u0131n restorasyonu, arac\u0131n alt veya i\u00e7 k\u0131sm\u0131ndaki hasar\u0131 onarmak, araban\u0131n tavan\u0131nda, antende, aynalarda ya da do\u011fal afetler ve ter\u00f6r eylemlerinden kaynaklanan hasarlar\u0131n onar\u0131m\u0131 i\u00e7in gereken her t\u00fcrl\u00fc tutarla, f. arac\u0131n teslim almas\u0131 veya teslim etmesi i\u00e7in ek \u00fccretle ve belirlenen noktadan farkl\u0131 bir noktaya geri g\u00f6nderme \u00fccretle g. ek s\u00fcr\u00fcc\u00fc i\u00e7in g\u00fcnl\u00fck \u00fccret de dahil olmak \u00fczere.<\/p>\n<p>K\u0130RACI, sorumlulu\u011funu muaf tutan herhangi bir iste\u011fe ba\u011fl\u0131 teminat\u0131 kabul etmi\u015f olsa bile\nyukar\u0131daki masraflardan muaf tutmaz.<\/p><p><br><\/p>\n<p><\/p>\n<p><strong>5. KASKO VE K\u0130\u015e\u0130SEL SORUMLULUK<\/strong><\/p>\n<p>K\u0130RACI, kira s\u00f6zle\u015fmesinin ba\u015flang\u0131c\u0131nda kira bedelinin tamam\u0131n\u0131 ama sonunda her t\u00fcrl\u00fc\ndi\u011fer \u00fccret fazla kiralamadan do\u011fabilecek K\u0130RALAYAN\u0384a \u00f6demekle y\u00fck\u00fcml\u00fcd\u00fcr (yak\u0131t,\ncezalar, masraflar, hasarlar, vb). \u00d6deme kredi kart\u0131yla yap\u0131l\u0131rsa kart sahibinin imzas\u0131 ile\nK\u0130RALAYAN yetkili k\u0131l\u0131n\u0131r. Bu durumda K\u0130RALAYAN, K\u0130RACI'NIN kredi kart\u0131 hesab\u0131ndan toplam kira bedelini ve yukar\u0131da belirtilen ilgili masraflar\u0131 tahsil edebilir. Bu yetki, hasar bedeli,\narac\u0131n \u00e7ekilmesi veya ta\u015f\u0131nmas\u0131 masraflar\u0131, trafik cezalar\u0131 ve yasak parketme gibi sonraki\nmasraflar i\u00e7in de ge\u00e7erlidir.Yunan mevzuat\u0131nda belirtilen miktarlara kadar kiralanan ara\u00e7ta \u00fc\u00e7\u00fcnc\u00fc \u015fah\u0131s ve yolcu sorumluluk sigortas\u0131 bulunmakta (s\u00fcr\u00fcc\u00fc hari\u00e7). Bu sigorta kapsam\u0131, s\u00fcr\u00fcc\u00fcn\u00fcn s\u00fcr\u00fc\u015f yasalar\u0131na ve buradaki \u015fartlara uymas\u0131 ko\u015fuluyla ge\u00e7erlidir. Ara\u00e7ta meydana gelen her t\u00fcrl\u00fc hasardan K\u0130RACI sorumludur. K\u0130RACI, kiralama ba\u015flang\u0131c\u0131nda orta kasko (CDW) kabul ederse ve buna kar\u015f\u0131l\u0131k gelen g\u00fcnl\u00fck \u00fccreti \u00f6derse ara\u00e7 hasar\u0131ndan do\u011fan sorumlulu\u011funu minimun \u00fccrete indirebilir. Herhangi bir olay veya kaza durumunda 500 \u20ac + KDV tutar\u0131na kadar K\u0130RACI\u2019 ya fatura edilecektir. Hasar bedeli daha fazla ise kasko \u015firketi kalan tutar\u0131 kar\u015f\u0131lar. Alkol, hal\u00fcsinojen, uyu\u015fturucu veya di\u011fer maddelerin etkisi alt\u0131ndayken meydana gelen bir kaza veya di\u011fer t\u00fcrden rastgele\/kas\u0131tl\u0131 bir olay durumunda hi\u00e7bir hasar kar\u015f\u0131lanmaz. Lastikler, jantlar, tekerlekler, anahtarlar, \u00f6n camlar, k\u0131r\u0131k camlar, arac\u0131n alt ya da i\u00e7 k\u0131sm\u0131ndaki meydana gelen hasarlar veya ki\u015fisel e\u015fyalar\u0131n \u00e7al\u0131nmas\u0131 durumunda hi\u00e7bir kasko kapsam\u0131nda de\u011fildir. K\u0130RACI, arac\u0131n \u00e7al\u0131nmas\u0131 halinde arac\u0131n g\u00fcncel ticari de\u011ferini \u00f6demekle y\u00fck\u00fcml\u00fcd\u00fcr. K\u0130RACI, yukar\u0131daki kasko ve zararl\u0131 kurtulma ile 3. maddenin masraflar\u0131ndan ve ara\u00e7 bu 2. maddenin kullan\u0131m \u015fartlar\u0131na uygun olarak kullan\u0131lmam\u0131\u015fsa muaf olmayacakt\u0131r. Bu s\u00f6zle\u015fmeyi imzalayarak, se\u00e7mi\u015f olabilece\u011finiz yukar\u0131daki orta kasko (CDW) i\u00e7in ilgili alanlarda g\u00f6r\u00fcnd\u00fc\u011f\u00fc gibi g\u00fcnl\u00fck \u00fccretleri tamamen olursunuz ve bir kaza veya ba\u015fka bir t\u00fcr kazara veya tesad\u00fcfi olmayan bir durum olmas\u0131 durumunda minimum \u00fccret kabul etmektedir.<\/p><p><br><\/p>\n<p><strong>6. D\u0130\u011eER KO\u015eULLAR<\/strong><\/p>\n<p>Yukar\u0131daki ko\u015fullar, ilk kiralanan ara\u00e7 ba\u015fka bir ara\u00e7la de\u011fi\u015ftirilirse veya kiralama s\u00f6zle\u015fmesi uzat\u0131l\u0131rsa dahi ge\u00e7erli ama bu kiralama s\u00f6zle\u015fmenin ko\u015fullar\u0131nda yap\u0131lacak herhangi bir de\u011fi\u015fiklik, yaz\u0131l\u0131 olarak kabul edilmedi\u011fi takdirde ge\u00e7ersizdir. K\u0130RALAYAN, K\u0130RACI'NIN s\u00f6zle\u015fme \u015fartlar\u0131n\u0131 ihlal etmesi halinde s\u00f6zle\u015fmeyi feshetme ve arac\u0131 derhal toplama hakk\u0131na sahiptir. Ara\u00e7 kiralama s\u00fcresince t\u00fcm ek s\u00fcr\u00fcc\u00fcler, K\u0130RACI ile ayn\u0131 sorumluluklara sahiptir. Benzer \u015fekilde, bir temsilcinin bu kira s\u00f6zle\u015fmesini imzalamas\u0131 halinde, o ve K\u0130RACI ile m\u00fcteselsil bor\u00e7lular\u0131n \u015fahs\u0131 olarak sorumlu olacakt\u0131r. Ayr\u0131ca, \u00fc\u00e7\u00fcnc\u00fc bir ki\u015fi s\u00f6z konusu oldu\u011funda ve kira bedelinin tamam\u0131n\u0131 \u00fcstlenmi\u015f olsalar bile, her t\u00fcrl\u00fc masraf ve maliyet, \u03bf zaman K\u0130RACI ile m\u00fcteselsil bor\u00e7lular\u0131n \u015fahs\u0131 olarak sorumlu olacakt\u0131r. K\u0130RACI, \u015firket taraf\u0131ndan d\u00fczenlenen faturan\u0131n \u00f6demesi zaman\u0131nda yap\u0131lmazsa, sa\u011flanan indirimlerin ge\u00e7erli olmad\u0131\u011f\u0131n\u0131 kabul eder ve anla\u015f\u0131r.\nK\u0130RALAYAN, ara\u00e7 teslim etmekten sonar ara\u00e7ta bulunan herhangi nesneler kaybolmas\u0131ndan veya hasar g\u00f6rmesinden sorumlu de\u011fildir.<\/p><p><br><\/p>\n<p><strong>7. YARGI YETK\u0130S\u0130<\/strong><\/p>\n<p>Bu kiralama s\u00f6zle\u015fme Yunan Hukukuna tabidir ve K\u0130RALAYAN ile K\u0130RACI aras\u0131nda bundan dolay\u0131 her t\u00fcrl\u00fc uyu\u015fmazl\u0131k do\u011fabilirse Midilli mahkemelerinin m\u00fcnhas\u0131r yarg\u0131 yetkisine tabi olacakt\u0131r.<\/p>\t\t\t\t\t\t\t\t<\/div>\n\t\t\t\t<\/div>\n\t\t\t\t\t<\/div>\n\t\t\t\t<\/div>\n\t\t\t\t<\/div>","protected":false},"excerpt":{"rendered":"<p>Car Rental Terms ON THE ROAD CAR RENTAL company, hereinafter \u201cthe Lessor\u201d, hires the vehicle indicated at the front of the contract (including any vehicle that may replace it) to \u201cthe Lessee\u201d under the terms hereof, which the Lessee fully accepts: 1. DELIVERY AND PICK-UP The Lessee received the vehicle, which has inspected and found &hellip; <\/p>\n<p class=\"link-more\"><a href=\"https:\/\/ontheroadlesvos.com\/tr\/car-rental-terms\/\" class=\"more-link\"><span class=\"screen-reader-text\"> prova \"Car Rental Terms\"<\/span><\/a><\/p>","protected":false},"author":1,"featured_media":0,"parent":0,"menu_order":0,"comment_status":"closed","ping_status":"closed","template":"elementor_theme","meta":{"_monsterinsights_skip_tracking":false,"_monsterinsights_sitenote_active":false,"_monsterinsights_sitenote_note":"","_monsterinsights_sitenote_category":0,"footnotes":""},"class_list":["post-4122","page","type-page","status-publish","hentry"],"yoast_head":"<!-- This site is optimized with the Yoast SEO plugin v27.2 - https:\/\/yoast.com\/product\/yoast-seo-wordpress\/ -->\n<title>Car Rental Terms | On The Road Car Rental Lesvos<\/title>\n<meta name=\"robots\" content=\"noindex, nofollow\" \/>\n<meta property=\"og:locale\" content=\"tr_TR\" \/>\n<meta property=\"og:type\" content=\"article\" \/>\n<meta property=\"og:title\" content=\"Car Rental Terms | On The Road Car Rental Lesvos\" \/>\n<meta property=\"og:description\" content=\"Car Rental Terms ON THE ROAD CAR RENTAL company, hereinafter \u201cthe Lessor\u201d, hires the vehicle indicated at the front of the contract (including any vehicle that may replace it) to \u201cthe Lessee\u201d under the terms hereof, which the Lessee fully accepts: 1. DELIVERY AND PICK-UP The Lessee received the vehicle, which has inspected and found &hellip; prova &quot;Car Rental Terms&quot;\" \/>\n<meta property=\"og:url\" content=\"https:\/\/ontheroadlesvos.com\/tr\/car-rental-terms\/\" \/>\n<meta property=\"og:site_name\" content=\"On The Road\" \/>\n<meta property=\"article:publisher\" content=\"https:\/\/www.facebook.com\/ontheroad.lesvos\" \/>\n<meta property=\"article:modified_time\" content=\"2025-07-03T17:48:13+00:00\" \/>\n<meta name=\"twitter:card\" content=\"summary_large_image\" \/>\n<meta name=\"twitter:label1\" content=\"Tahmini okuma s\u00fcresi\" \/>\n\t<meta name=\"twitter:data1\" content=\"8 dakika\" \/>\n<script type=\"application\/ld+json\" class=\"yoast-schema-graph\">{\"@context\":\"https:\/\/schema.org\",\"@graph\":[{\"@type\":\"WebPage\",\"@id\":\"https:\/\/ontheroadlesvos.com\/car-rental-terms\/\",\"url\":\"https:\/\/ontheroadlesvos.com\/car-rental-terms\/\",\"name\":\"Car Rental Terms | On The Road Car Rental Lesvos\",\"isPartOf\":{\"@id\":\"https:\/\/ontheroadlesvos.com\/#website\"},\"datePublished\":\"2025-07-01T09:00:37+00:00\",\"dateModified\":\"2025-07-03T17:48:13+00:00\",\"breadcrumb\":{\"@id\":\"https:\/\/ontheroadlesvos.com\/car-rental-terms\/#breadcrumb\"},\"inLanguage\":\"tr\",\"potentialAction\":[{\"@type\":\"ReadAction\",\"target\":[\"https:\/\/ontheroadlesvos.com\/car-rental-terms\/\"]}]},{\"@type\":\"BreadcrumbList\",\"@id\":\"https:\/\/ontheroadlesvos.com\/car-rental-terms\/#breadcrumb\",\"itemListElement\":[{\"@type\":\"ListItem\",\"position\":1,\"name\":\"Home\",\"item\":\"https:\/\/ontheroadlesvos.com\/\"},{\"@type\":\"ListItem\",\"position\":2,\"name\":\"Car Rental Terms\"}]},{\"@type\":\"WebSite\",\"@id\":\"https:\/\/ontheroadlesvos.com\/#website\",\"url\":\"https:\/\/ontheroadlesvos.com\/\",\"name\":\"On The Road\",\"description\":\"Car Rental Lesvos\",\"publisher\":{\"@id\":\"https:\/\/ontheroadlesvos.com\/#organization\"},\"potentialAction\":[{\"@type\":\"SearchAction\",\"target\":{\"@type\":\"EntryPoint\",\"urlTemplate\":\"https:\/\/ontheroadlesvos.com\/?s={search_term_string}\"},\"query-input\":{\"@type\":\"PropertyValueSpecification\",\"valueRequired\":true,\"valueName\":\"search_term_string\"}}],\"inLanguage\":\"tr\"},{\"@type\":\"Organization\",\"@id\":\"https:\/\/ontheroadlesvos.com\/#organization\",\"name\":\"On The Road\",\"url\":\"https:\/\/ontheroadlesvos.com\/\",\"logo\":{\"@type\":\"ImageObject\",\"inLanguage\":\"tr\",\"@id\":\"https:\/\/ontheroadlesvos.com\/#\/schema\/logo\/image\/\",\"url\":\"https:\/\/ontheroadlesvos.com\/wp-content\/uploads\/2025\/02\/logo-on-the-road-trans.png\",\"contentUrl\":\"https:\/\/ontheroadlesvos.com\/wp-content\/uploads\/2025\/02\/logo-on-the-road-trans.png\",\"width\":200,\"height\":70,\"caption\":\"On The Road\"},\"image\":{\"@id\":\"https:\/\/ontheroadlesvos.com\/#\/schema\/logo\/image\/\"},\"sameAs\":[\"https:\/\/www.facebook.com\/ontheroad.lesvos\",\"https:\/\/www.instagram.com\/ontheroad_lesvos\/\"]}]}<\/script>\n<!-- \/ Yoast SEO plugin. -->","yoast_head_json":{"title":"Car Rental Terms | On The Road Car Rental Lesvos","robots":{"index":"noindex","follow":"nofollow"},"og_locale":"tr_TR","og_type":"article","og_title":"Car Rental Terms | On The Road Car Rental Lesvos","og_description":"Car Rental Terms ON THE ROAD CAR RENTAL company, hereinafter \u201cthe Lessor\u201d, hires the vehicle indicated at the front of the contract (including any vehicle that may replace it) to \u201cthe Lessee\u201d under the terms hereof, which the Lessee fully accepts: 1. DELIVERY AND PICK-UP The Lessee received the vehicle, which has inspected and found &hellip; prova \"Car Rental Terms\"","og_url":"https:\/\/ontheroadlesvos.com\/tr\/car-rental-terms\/","og_site_name":"On The Road","article_publisher":"https:\/\/www.facebook.com\/ontheroad.lesvos","article_modified_time":"2025-07-03T17:48:13+00:00","twitter_card":"summary_large_image","twitter_misc":{"Tahmini okuma s\u00fcresi":"8 dakika"},"schema":{"@context":"https:\/\/schema.org","@graph":[{"@type":"WebPage","@id":"https:\/\/ontheroadlesvos.com\/car-rental-terms\/","url":"https:\/\/ontheroadlesvos.com\/car-rental-terms\/","name":"Car Rental Terms | On The Road Car Rental Lesvos","isPartOf":{"@id":"https:\/\/ontheroadlesvos.com\/#website"},"datePublished":"2025-07-01T09:00:37+00:00","dateModified":"2025-07-03T17:48:13+00:00","breadcrumb":{"@id":"https:\/\/ontheroadlesvos.com\/car-rental-terms\/#breadcrumb"},"inLanguage":"tr","potentialAction":[{"@type":"ReadAction","target":["https:\/\/ontheroadlesvos.com\/car-rental-terms\/"]}]},{"@type":"BreadcrumbList","@id":"https:\/\/ontheroadlesvos.com\/car-rental-terms\/#breadcrumb","itemListElement":[{"@type":"ListItem","position":1,"name":"Home","item":"https:\/\/ontheroadlesvos.com\/"},{"@type":"ListItem","position":2,"name":"Car Rental Terms"}]},{"@type":"WebSite","@id":"https:\/\/ontheroadlesvos.com\/#website","url":"https:\/\/ontheroadlesvos.com\/","name":"On The Road","description":"Car Rental Lesvos","publisher":{"@id":"https:\/\/ontheroadlesvos.com\/#organization"},"potentialAction":[{"@type":"SearchAction","target":{"@type":"EntryPoint","urlTemplate":"https:\/\/ontheroadlesvos.com\/?s={search_term_string}"},"query-input":{"@type":"PropertyValueSpecification","valueRequired":true,"valueName":"search_term_string"}}],"inLanguage":"tr"},{"@type":"Organization","@id":"https:\/\/ontheroadlesvos.com\/#organization","name":"On The Road","url":"https:\/\/ontheroadlesvos.com\/","logo":{"@type":"ImageObject","inLanguage":"tr","@id":"https:\/\/ontheroadlesvos.com\/#\/schema\/logo\/image\/","url":"https:\/\/ontheroadlesvos.com\/wp-content\/uploads\/2025\/02\/logo-on-the-road-trans.png","contentUrl":"https:\/\/ontheroadlesvos.com\/wp-content\/uploads\/2025\/02\/logo-on-the-road-trans.png","width":200,"height":70,"caption":"On The Road"},"image":{"@id":"https:\/\/ontheroadlesvos.com\/#\/schema\/logo\/image\/"},"sameAs":["https:\/\/www.facebook.com\/ontheroad.lesvos","https:\/\/www.instagram.com\/ontheroad_lesvos\/"]}]}},"_links":{"self":[{"href":"https:\/\/ontheroadlesvos.com\/tr\/wp-json\/wp\/v2\/pages\/4122","targetHints":{"allow":["GET"]}}],"collection":[{"href":"https:\/\/ontheroadlesvos.com\/tr\/wp-json\/wp\/v2\/pages"}],"about":[{"href":"https:\/\/ontheroadlesvos.com\/tr\/wp-json\/wp\/v2\/types\/page"}],"author":[{"embeddable":true,"href":"https:\/\/ontheroadlesvos.com\/tr\/wp-json\/wp\/v2\/users\/1"}],"replies":[{"embeddable":true,"href":"https:\/\/ontheroadlesvos.com\/tr\/wp-json\/wp\/v2\/comments?post=4122"}],"version-history":[{"count":2,"href":"https:\/\/ontheroadlesvos.com\/tr\/wp-json\/wp\/v2\/pages\/4122\/revisions"}],"predecessor-version":[{"id":4142,"href":"https:\/\/ontheroadlesvos.com\/tr\/wp-json\/wp\/v2\/pages\/4122\/revisions\/4142"}],"wp:attachment":[{"href":"https:\/\/ontheroadlesvos.com\/tr\/wp-json\/wp\/v2\/media?parent=4122"}],"curies":[{"name":"wp","href":"https:\/\/api.w.org\/{rel}","templated":true}]}}