{"id":132,"date":"2025-03-18T10:38:26","date_gmt":"2025-03-18T08:38:26","guid":{"rendered":"https:\/\/ontheroadlesvos.com\/?page_id=132"},"modified":"2025-05-30T16:09:41","modified_gmt":"2025-05-30T13:09:41","slug":"terms-of-use","status":"publish","type":"page","link":"https:\/\/ontheroadlesvos.com\/tr\/terms-of-use\/","title":{"rendered":"Kullan\u0131m\u0131 Ko\u015fullar\u0131"},"content":{"rendered":"<div data-elementor-type=\"wp-page\" data-elementor-id=\"132\" class=\"elementor elementor-132\">\n\t\t\t\t<div class=\"elementor-element elementor-element-26cca65a e-flex e-con-boxed e-con e-parent\" data-id=\"26cca65a\" data-element_type=\"container\" data-e-type=\"container\">\n\t\t\t\t\t<div class=\"e-con-inner\">\n\t\t\t\t<div class=\"elementor-element elementor-element-2e4d1bb elementor-widget elementor-widget-heading\" data-id=\"2e4d1bb\" data-element_type=\"widget\" data-e-type=\"widget\" data-widget_type=\"heading.default\">\n\t\t\t\t<div class=\"elementor-widget-container\">\n\t\t\t\t\t<h3 class=\"elementor-heading-title elementor-size-default\">Kullan\u0131m\u0131 Ko\u015fullar\u0131<\/h3>\t\t\t\t<\/div>\n\t\t\t\t<\/div>\n\t\t\t\t<div class=\"elementor-element elementor-element-97645dd elementor-widget elementor-widget-text-editor\" data-id=\"97645dd\" data-element_type=\"widget\" data-e-type=\"widget\" data-widget_type=\"text-editor.default\">\n\t\t\t\t<div class=\"elementor-widget-container\">\n\t\t\t\t\t\t\t\t\t<p>\u0130nternet Sitesini a\u015fa\u011f\u0131da yaz\u0131l\u0131 olarak belirtilen ko\u015fullar\u0131 okuduktan sonra kullan\u0131n\u0131z. Bu portale ba\u011flanarak hizmetlerden faydalanmaya a\u015flaman\u0131z halinde portalin kullan\u0131m ko\u015fullar\u0131n\u0131 kabul etmi\u015f say\u0131l\u0131rs\u0131n\u0131z. Ziyaret\u00e7i\/Kullan\u0131c\u0131n\u0131n i\u015fbu kullan\u0131m ko\u015fullar\u0131n\u0131 kabul etmemesi halinde, Web Sitesi\u2019nin hizmetlerini ve i\u00e7eri\u011fini kullanmamas\u0131 gerekmektedir.<\/p><p>Bu kullan\u0131m ko\u015fullar\u0131 herhangi bir zamanda ve \u00f6nceden haber verilmeksizin yenilebilir ve g\u00fcncellenebilir. L\u00fctfen internet portal\u0131n\u0131n kullan\u0131m ko\u015fullar\u0131n\u0131 periyodik olarak kontrol edin.Devam eden kullan\u0131mdan kaynaklanan de\u011fi\u015fiklikleri bilmeden kabul etme ihtimaliniz vard\u0131r.<\/p><p>131\/2003 say\u0131l\u0131 Cumhurba\u015fkanl\u0131\u011f\u0131 Kararnamesinin 4. maddesi uyar\u0131nca, \u015firket sizi a\u015fa\u011f\u0131daki konularda bilgilendirir;<\/p><p style=\"text-align: left;\"><strong>Yer:<\/strong> Aziz Is\u0131doros, Plomari\/Lesvos, Yunan\u0131stan <strong>Posta Kodu:<\/strong> 81 200<\/p><p style=\"text-align: left;\"><strong>VKN:<\/strong> 802449243<\/p><p style=\"text-align: left;\"><strong>Ticaret Sicili Numaras\u0131:<\/strong> 176559442000<\/p><p style=\"text-align: left;\"><strong>Telefon:<\/strong> <a href=\"tel:+306945150694\">+30 694 515 0694<\/a><\/p><p style=\"text-align: left;\"><strong>E-posta:<\/strong> <a href=\"mailto:info@ontheroadlesvos.com\">info@ontheroadlesvos.com<\/a><\/p><p><strong>Fikri m\u00fclkiyet haklar\u0131<\/strong><\/p><p class=\"translation-block\">\u0130nternet Sitesinin t\u00fcm i\u00e7eri\u011fi, metin, grafik, resim, foto\u011fraf ve video, \u00e7izim v.b (\u00fc\u00e7\u00fcnc\u00fc taraf\ntelif haklar\u0131) belirtilen istisnalar i\u00e7erenler hari\u00e7ten On The Road Car Rental'\u0131n fikri m\u00fclkiyet\nhakk\u0131 ve ge\u00e7erli ulusal, toplumsal ve uluslararas\u0131 hukuk taraf\u0131ndan korunmaktad\u0131r. Baz\u0131\nsimgeler <a class=\"text-underline font-size-sm\" href=\"https:\/\/iconscout.com\/contributors\/google-inc\" target=\"_blank\" rel=\"noopener\">Google Inc<\/a> yard\u0131m\u0131yla kullan\u0131ld\u0131.<\/p><p>On The Road Car Rental, internet sitesinin i\u00e7eri\u011finin yan\u0131 s\u0131ra ve bundan kopyalar\u0131n t\u00fcm telif\nhaklar\u0131n\u0131 sakl\u0131 tutar. \u0130nternet portal\u0131n\u0131n i\u00e7eri\u011fi ziyaret\u00e7ilerin\/kullan\u0131c\u0131lar\u0131n ki\u015fisel kullan\u0131m\u0131na\na\u00e7\u0131kt\u0131r. On The Road Car Rental, i\u00e7eri\u011fi \u00f6nceden haber vermeksizin de\u011fi\u015ftirme hakk\u0131n\u0131 sakl\u0131\ntutar. Kullan\u0131m ko\u015fullar\u0131n\u0131n kabul edilmesinden sonra ticari olmayan kullan\u0131m ve k\u0131smen veya\ntamamen \u00e7o\u011falt\u0131lmas\u0131 serbest, ama bu \u00e7o\u011falt\u0131lan \u00fcr\u00fcn\u00fcn \u0130nternet veya di\u011fer uygun ara\u00e7lar arac\u0131l\u0131\u011f\u0131yla serbest\u00e7e eri\u015filebilir olmas\u0131 ko\u015fuluyla ve men\u015fe kayna\u011f\u0131na dair a\u00e7\u0131k ve net bir referans e\u015flik ediyor.Ba\u015fka herhangi bir kullan\u0131m, sahibinin veya telif hakk\u0131 sahibinin a\u00e7\u0131k\nyaz\u0131l\u0131 iznini gerektirir.<\/p><p class=\"translation-block\">Bu \u0130nternet Sitesinin elektronik sayfalar\u0131nda bahseden di\u011fer \u00fcr\u00fcnler\/hizmetler, ilgili\nkurulu\u015flar\u0131n, \u015firketlerin, ortak kurulu\u015flar\u0131n, derneklerin veya yay\u0131nlar\u0131n logolar\u0131n\u0131 ta\u015f\u0131malar\u0131\ndurumunda, kendi fikri ve s\u0131nai m\u00fclkiyetleridir. Bu nedenle, bu kurulu\u015flar\u0131n ilgili sorumlulu\u011fu\nvard\u0131r.\nBu \u0130nternet Sitesinin i\u00e7eri\u011finin herhangi bir b\u00f6l\u00fcm\u00fcn\u00fcn \u00e7o\u011faltma haklar\u0131yla ilgili, sorular\u0131n\u0131z\nveya i\u00e7eri\u011fin \u00e7o\u011falt\u0131lmas\u0131 i\u00e7in onay talepleriniz varsa <a href=\"mailto:info@ontheroadlesvos.com\" target=\"_self\">info@ontheroadlesvos.com<\/a> ile ileti\u015fime ge\u00e7ebilirsiniz.<\/p><p><strong>Kullan\u0131c\u0131 davran\u0131\u015f\u0131<\/strong><\/p><p>Kullan\u0131c\u0131lar\u0131n internet portal\u0131n\u0131 kullan\u0131m\u0131, kanunla, iyi niyet ve iyi ahlakla belirlenen \u00e7er\u00e7evede olmal\u0131 ve \u00fc\u00e7\u00fcnc\u00fc \u015fah\u0131slar taraf\u0131ndan kullan\u0131m\u0131n\u0131 k\u0131s\u0131tlamayacak veya engellemeyecek \u015fekilde yap\u0131lmal\u0131d\u0131r. \u0130nternet portal\u0131n\u0131 kullananlar, Yunanistan, Avrupa Birli\u011fi ve ilgili uluslararas\u0131 anla\u015fmalar\u0131n kurallar\u0131na ve h\u00fck\u00fcmlerine uymak zorundad\u0131r. Di\u011fer kullan\u0131c\u0131lar\u0131 etkileyebilecek ve internet portal\u0131n\u0131n zarar g\u00f6rmesine\/ar\u0131zalanmas\u0131na neden olabilecek her t\u00fcrl\u00fc yasa d\u0131\u015f\u0131 ve k\u00f6t\u00fcye kullan\u0131m davran\u0131\u015f\u0131ndan ka\u00e7\u0131nmaktad\u0131r. Kullan\u0131c\u0131, bu Kullan\u0131m Ko\u015fullar\u0131 ve y\u00fcr\u00fcrl\u00fckteki mevzuata ayk\u0131r\u0131 veya hukuka ayk\u0131r\u0131 olmas\u0131 durumunda, yukar\u0131daki eylemlerden dolay\u0131 yararlan\u0131c\u0131n\u0131n u\u011frayaca\u011f\u0131 her t\u00fcrl\u00fc zarar\u0131 tazmin etmekle y\u00fck\u00fcml\u00fcd\u00fcr.<\/p><p><strong>\u00dc\u00e7\u00fcnc\u00fc ki\u015filere ait internet siteleri<\/strong><\/p><p>\u0130nternet Sitesi, \u00fc\u00e7\u00fcnc\u00fc ki\u015filere ait internet sitelerine ili\u015fkin linkler i\u00e7erebilir. Bu ba\u011flant\u0131lar\nyaln\u0131zca \u0130nternet Sitesi ziyaret\u00e7ilerine\/kullan\u0131c\u0131lar\u0131na kolayl\u0131k sa\u011flamak amac\u0131yla yerle\u015ftirilmi\u015ftir. Bu linkleri kendi kullan\u0131m ko\u015fullar\u0131na tabidir. \u0130nternet Sitesinde bu t\u00fcr sitelere link verilmesi, \u00fc\u00e7\u00fcnc\u00fc ki\u015filer ile herhangi bir ili\u015fki bulundu\u011fu, On The Road Car Rental\u2019\u0131n link verilen siteleri destekledi\u011fi, onaylad\u0131\u011f\u0131 veya tahkik etti\u011fi anlam\u0131na gelmemektedi. \u00dc\u00e7\u00fcnc\u00fc ki\u015filere ait internet sitelerine ait gizlilik politikalar\u0131 ile bahsi ge\u00e7en siteleri kullan\u0131m\u0131n tabi oldu\u011fu h\u00fck\u00fcm ve ko\u015fullar\u0131 \u00f6\u011frenmeli ve bunlar\u0131 kullan\u0131p kullanmamak konusunda kendiniz karar\nvermelisiniz.<\/p><p><strong>Sorumlulu\u011fun S\u0131n\u0131rland\u0131r\u0131lmas\u0131<\/strong><\/p><p>\u0130nternet Sitesinin i\u00e7eri\u011fi oldu\u011fu gibi ve herhangi bir kullan\u0131m, uygulama veya ama\u00e7 i\u00e7in s\u00f6z\nkonusu i\u00e7eri\u011fin eksiksizli\u011fi, do\u011frulu\u011fu, zaman\u0131nda olmas\u0131, ticarili\u011fi, ihlal edilmemesi veya uygunlu\u011fu hakk\u0131nda On The Road Car Rental hi\u00e7bir a\u00e7\u0131k veya z\u0131mni garanti vermez. On The Road Car Rental ihmalkarl\u0131k dahil her t\u00fcrl\u00fc ko\u015fulda \u0130nternet Sitesinin sayfalar\u0131n\u0131\/hizmetlerini\/i\u00e7erik se\u00e7eneklerini ziyaret eden\/kullan\u0131c\u0131n\u0131n u\u011frayabilece\u011fi hi\u00e7bir\nzarardan sorumlu de\u011fildir. Ziyaret\u00e7i\/Kullan\u0131c\u0131, bu ko\u015fullar\u0131 bilerek her t\u00fcrl\u00fc eylemi kendi inisiyatifi ile ger\u00e7ekle\u015ftirir. Ayr\u0131ca, On The Road Car Rental sayfalar\u0131n, hizmetler, se\u00e7enekler ve i\u00e7erikler kesintisiz ve hatas\u0131z sa\u011flanacakt\u0131r, hatalar d\u00fczeltilecek veya kendisine sorulan t\u00fcm sorulara cevap verilece\u011fi garanti etmez. Benzer \u015fekilde, On The Road Car Rental bu \u0130nternet Sitesinin veya ilgili herhangi bir sitenin veya i\u00e7eri\u011fin ziyaret\u00e7ilere\/kullan\u0131c\u0131lara sunuldu\u011fu sunucular\u0131n (servers) \"vir\u00fcsler\" veya di\u011fer zararl\u0131 bile\u015fenler i\u00e7ermedi\u011fini garanti etmez. Herhangi bir onar\u0131m veya servis masraf\u0131 ziyaret\u00e7i\/kullan\u0131c\u0131 taraf\u0131ndan kar\u015f\u0131lan\u0131r ve hi\u00e7bir ko\u015fulda On The Road Car Rental taraf\u0131ndan kar\u015f\u0131lanmaz.<\/p><p><strong>Portal G\u00fcvenli\u011fi<\/strong><\/p><p>\u0130nternet sitesine eri\u015fim, On The Road Car Rental'\u0131n de\u011fil, ziyaret\u00e7i\/kullan\u0131c\u0131n\u0131n inisiyatifiyle sa\u011flanmaktad\u0131r. Ziyaret\u00e7i\/Kullan\u0131c\u0131, web sitesine eri\u015fimden m\u00fcnhas\u0131ran sorumludur. Bunun i\u00e7in gerekli donan\u0131ma (\u00f6rne\u011fin ki\u015fisel bilgisayar), bilgisayar program\u0131, telekom\u00fcnikasyon ekipman\u0131na ve web sitesine eri\u015fim i\u00e7in gerekli her t\u00fcrl\u00fc hizmete sahip olmas\u0131 gerekir. Kullan\u0131c\u0131 ayr\u0131ca sistemini vir\u00fcslerden ve di\u011fer k\u00f6t\u00fc ama\u00e7l\u0131 yaz\u0131l\u0131mlardan korumakla da y\u00fck\u00fcml\u00fcd\u00fcr.<\/p><p>On The Road Car Rental, internet sitesini vir\u00fcs ve di\u011fer k\u00f6t\u00fc ama\u00e7l\u0131 yaz\u0131l\u0131mlardan korumak i\u00e7in m\u00fcmk\u00fcn olan t\u00fcm gerekli g\u00fcvenlik \u00f6nlemlerini alm\u0131\u015ft\u0131r. Ayr\u0131ca siber sald\u0131r\u0131lar\u0131 ve di\u011fer yetkisiz eylemleri \u00f6nlemek i\u00e7in g\u00fcvenlik sistemleriyle internet sitelerine eri\u015fimi kontrol eder.<\/p><p><strong>Ki\u015fisel Veriler<\/strong><\/p><p>On The Road Car Rental faaliyet ve amac\u0131 \u00e7er\u00e7evesinde ki\u015fisel verilerle ilgili olarak Genel\nVeri Koruma T\u00fcz\u00fc\u011f\u00fc (GDPR)'ye uygundur. Ayr\u0131ca, GDPR ve Yunan mevzuat\u0131nda \u00f6ng\u00f6r\u00fcld\u00fc\u011f\u00fc \u00fczere, ki\u015fisel verilerin etkin bir \u015fekilde korunmas\u0131 i\u00e7in gerekli teknik ve organizasyonel \u00f6nlemleri al\u0131r. Daha detayl\u0131 bilgi i\u00e7in l\u00fctfen On The Road Car Rental taraf\u0131ndan verilerinizin i\u015flenmesine\nili\u015fkin bilgilendirmenin ilgili b\u00f6l\u00fcm\u00fcne bak\u0131n\u0131z.<\/p><p><strong>Uygulan Hukuk \u2013 Di\u011fer Ko\u015fullar<\/strong><\/p><p>\u0130nternet Sitesinin kullan\u0131m\u0131na ili\u015fkin yukar\u0131daki h\u00fck\u00fcm ve ko\u015fullar ile bunlarda yap\u0131lacak her\nt\u00fcrl\u00fc de\u011fi\u015fiklik veya tadilat, ulusal, toplumsal hukuku ve ilgili uluslararas\u0131 anla\u015fmalar\ntaraf\u0131ndan y\u00f6netilir. Yukar\u0131daki ko\u015fullar\u0131n herhangi bir h\u00fckm\u00fcn\u00fcn yasal \u00e7er\u00e7eveye ayk\u0131r\u0131\noldu\u011fu veya ge\u00e7ersiz hale geldi\u011fi tespit edilirse, kendili\u011finden ge\u00e7erlili\u011fini yitirir. Bu nedenle,\ndi\u011fer \u015fartlar\u0131n ge\u00e7erlili\u011fini hi\u00e7bir \u015fekilde etkilemeden bu s\u00f6zle\u015fmeden \u00e7\u0131kar\u0131lacakt\u0131r. Bu belge, \u0130nternet Sitesi y\u00f6neticisi ile sayfalar\u0131n\u0131n ve hizmetlerinin ziyaret\u00e7isi\/kullan\u0131c\u0131s\u0131 aras\u0131ndaki t\u00fcm s\u00f6zle\u015fmeyi olu\u015fturur sadece onlar\u0131 ba\u011flar. Bu ko\u015fullarda herhangi bir de\u011fi\u015fiklik, yaz\u0131l\u0131 de\u011fil ve bunlara dahil edilmemi\u015fse dikkate al\u0131nmayacak ve bu s\u00f6zle\u015fmenin bir par\u00e7as\u0131 olmayacakt\u0131r.<\/p><p>Bu s\u00f6zle\u015fmeyi imzalamakla, bu \u015fartlar\u0131n uygulanmas\u0131ndan ve ziyaret\u00e7i\/kullan\u0131c\u0131n\u0131n \u0130nternet\nSitesini kullanmas\u0131ndan do\u011fabilecek her t\u00fcrl\u00fc farkl\u0131l\u0131\u011f\u0131n taraf\u0131ndan kar\u015f\u0131lanaca\u011f\u0131n\u0131 kabul\netmi\u015f, ve dos\u00e7a bir \u015fekilde \u00e7\u00f6z\u00fclmezse, Midilli mahkemelerinin m\u00fcnhas\u0131r yarg\u0131 yetkisine tabi\nolacakt\u0131r.<\/p><p class=\"translation-block\">\u0130nternet Sitesinin y\u00f6neticisiyle herhangi bir ileti\u015fim i\u00e7in l\u00fctfen <a href=\"mailto:info@ontheroadlesvos.com\" target=\"_self\">info@ontheroadlesvos.com<\/a>\nadresine e-posta g\u00f6nderin.<\/p>\t\t\t\t\t\t\t\t<\/div>\n\t\t\t\t<\/div>\n\t\t\t\t\t<\/div>\n\t\t\t\t<\/div>\n\t\t\t\t<\/div>","protected":false},"excerpt":{"rendered":"<p>Terms of Use The use of this Online Portal (hereafter OP) is subject to the conditions listed below. The use of the OP is a presumption that the visitor \/ user has studied, understood and accepted all the terms of use of the OP. In the event that the visitor \/ user does not agree &hellip; <\/p>\n<p class=\"link-more\"><a href=\"https:\/\/ontheroadlesvos.com\/tr\/terms-of-use\/\" class=\"more-link\"><span class=\"screen-reader-text\"> prova \"Terms of Use\"<\/span><\/a><\/p>","protected":false},"author":1,"featured_media":0,"parent":0,"menu_order":0,"comment_status":"closed","ping_status":"closed","template":"elementor_theme","meta":{"_monsterinsights_skip_tracking":false,"_monsterinsights_sitenote_active":false,"_monsterinsights_sitenote_note":"","_monsterinsights_sitenote_category":0,"footnotes":""},"class_list":["post-132","page","type-page","status-publish","hentry"],"yoast_head":"<!-- This site is optimized with the Yoast SEO plugin v27.2 - https:\/\/yoast.com\/product\/yoast-seo-wordpress\/ -->\n<title>Terms of Use | On The Road Car Rental Lesvos<\/title>\n<meta name=\"robots\" content=\"noindex, nofollow\" \/>\n<meta property=\"og:locale\" content=\"tr_TR\" \/>\n<meta property=\"og:type\" content=\"article\" \/>\n<meta property=\"og:title\" content=\"Terms of Use | On The Road Car Rental Lesvos\" \/>\n<meta property=\"og:description\" content=\"Terms of Use The use of this Online Portal (hereafter OP) is subject to the conditions listed below. The use of the OP is a presumption that the visitor \/ user has studied, understood and accepted all the terms of use of the OP. In the event that the visitor \/ user does not agree &hellip; prova &quot;Terms of Use&quot;\" \/>\n<meta property=\"og:url\" content=\"https:\/\/ontheroadlesvos.com\/tr\/terms-of-use\/\" \/>\n<meta property=\"og:site_name\" content=\"On The Road\" \/>\n<meta property=\"article:publisher\" content=\"https:\/\/www.facebook.com\/ontheroad.lesvos\" \/>\n<meta property=\"article:modified_time\" content=\"2025-05-30T13:09:41+00:00\" \/>\n<meta name=\"twitter:card\" content=\"summary_large_image\" \/>\n<meta name=\"twitter:label1\" content=\"Tahmini okuma s\u00fcresi\" \/>\n\t<meta name=\"twitter:data1\" content=\"6 dakika\" \/>\n<script type=\"application\/ld+json\" class=\"yoast-schema-graph\">{\"@context\":\"https:\/\/schema.org\",\"@graph\":[{\"@type\":\"WebPage\",\"@id\":\"https:\/\/ontheroadlesvos.com\/terms-of-use\/\",\"url\":\"https:\/\/ontheroadlesvos.com\/terms-of-use\/\",\"name\":\"Terms of Use | On The Road Car Rental Lesvos\",\"isPartOf\":{\"@id\":\"https:\/\/ontheroadlesvos.com\/#website\"},\"datePublished\":\"2025-03-18T08:38:26+00:00\",\"dateModified\":\"2025-05-30T13:09:41+00:00\",\"breadcrumb\":{\"@id\":\"https:\/\/ontheroadlesvos.com\/terms-of-use\/#breadcrumb\"},\"inLanguage\":\"tr\",\"potentialAction\":[{\"@type\":\"ReadAction\",\"target\":[\"https:\/\/ontheroadlesvos.com\/terms-of-use\/\"]}]},{\"@type\":\"BreadcrumbList\",\"@id\":\"https:\/\/ontheroadlesvos.com\/terms-of-use\/#breadcrumb\",\"itemListElement\":[{\"@type\":\"ListItem\",\"position\":1,\"name\":\"Home\",\"item\":\"https:\/\/ontheroadlesvos.com\/\"},{\"@type\":\"ListItem\",\"position\":2,\"name\":\"Terms of Use\"}]},{\"@type\":\"WebSite\",\"@id\":\"https:\/\/ontheroadlesvos.com\/#website\",\"url\":\"https:\/\/ontheroadlesvos.com\/\",\"name\":\"On The Road\",\"description\":\"Car Rental Lesvos\",\"publisher\":{\"@id\":\"https:\/\/ontheroadlesvos.com\/#organization\"},\"potentialAction\":[{\"@type\":\"SearchAction\",\"target\":{\"@type\":\"EntryPoint\",\"urlTemplate\":\"https:\/\/ontheroadlesvos.com\/?s={search_term_string}\"},\"query-input\":{\"@type\":\"PropertyValueSpecification\",\"valueRequired\":true,\"valueName\":\"search_term_string\"}}],\"inLanguage\":\"tr\"},{\"@type\":\"Organization\",\"@id\":\"https:\/\/ontheroadlesvos.com\/#organization\",\"name\":\"On The Road\",\"url\":\"https:\/\/ontheroadlesvos.com\/\",\"logo\":{\"@type\":\"ImageObject\",\"inLanguage\":\"tr\",\"@id\":\"https:\/\/ontheroadlesvos.com\/#\/schema\/logo\/image\/\",\"url\":\"https:\/\/ontheroadlesvos.com\/wp-content\/uploads\/2025\/02\/logo-on-the-road-trans.png\",\"contentUrl\":\"https:\/\/ontheroadlesvos.com\/wp-content\/uploads\/2025\/02\/logo-on-the-road-trans.png\",\"width\":200,\"height\":70,\"caption\":\"On The Road\"},\"image\":{\"@id\":\"https:\/\/ontheroadlesvos.com\/#\/schema\/logo\/image\/\"},\"sameAs\":[\"https:\/\/www.facebook.com\/ontheroad.lesvos\",\"https:\/\/www.instagram.com\/ontheroad_lesvos\/\"]}]}<\/script>\n<!-- \/ Yoast SEO plugin. -->","yoast_head_json":{"title":"Terms of Use | On The Road Car Rental Lesvos","robots":{"index":"noindex","follow":"nofollow"},"og_locale":"tr_TR","og_type":"article","og_title":"Terms of Use | On The Road Car Rental Lesvos","og_description":"Terms of Use The use of this Online Portal (hereafter OP) is subject to the conditions listed below. The use of the OP is a presumption that the visitor \/ user has studied, understood and accepted all the terms of use of the OP. In the event that the visitor \/ user does not agree &hellip; prova \"Terms of Use\"","og_url":"https:\/\/ontheroadlesvos.com\/tr\/terms-of-use\/","og_site_name":"On The Road","article_publisher":"https:\/\/www.facebook.com\/ontheroad.lesvos","article_modified_time":"2025-05-30T13:09:41+00:00","twitter_card":"summary_large_image","twitter_misc":{"Tahmini okuma s\u00fcresi":"6 dakika"},"schema":{"@context":"https:\/\/schema.org","@graph":[{"@type":"WebPage","@id":"https:\/\/ontheroadlesvos.com\/terms-of-use\/","url":"https:\/\/ontheroadlesvos.com\/terms-of-use\/","name":"Terms of Use | On The Road Car Rental Lesvos","isPartOf":{"@id":"https:\/\/ontheroadlesvos.com\/#website"},"datePublished":"2025-03-18T08:38:26+00:00","dateModified":"2025-05-30T13:09:41+00:00","breadcrumb":{"@id":"https:\/\/ontheroadlesvos.com\/terms-of-use\/#breadcrumb"},"inLanguage":"tr","potentialAction":[{"@type":"ReadAction","target":["https:\/\/ontheroadlesvos.com\/terms-of-use\/"]}]},{"@type":"BreadcrumbList","@id":"https:\/\/ontheroadlesvos.com\/terms-of-use\/#breadcrumb","itemListElement":[{"@type":"ListItem","position":1,"name":"Home","item":"https:\/\/ontheroadlesvos.com\/"},{"@type":"ListItem","position":2,"name":"Terms of Use"}]},{"@type":"WebSite","@id":"https:\/\/ontheroadlesvos.com\/#website","url":"https:\/\/ontheroadlesvos.com\/","name":"On The Road","description":"Car Rental Lesvos","publisher":{"@id":"https:\/\/ontheroadlesvos.com\/#organization"},"potentialAction":[{"@type":"SearchAction","target":{"@type":"EntryPoint","urlTemplate":"https:\/\/ontheroadlesvos.com\/?s={search_term_string}"},"query-input":{"@type":"PropertyValueSpecification","valueRequired":true,"valueName":"search_term_string"}}],"inLanguage":"tr"},{"@type":"Organization","@id":"https:\/\/ontheroadlesvos.com\/#organization","name":"On The Road","url":"https:\/\/ontheroadlesvos.com\/","logo":{"@type":"ImageObject","inLanguage":"tr","@id":"https:\/\/ontheroadlesvos.com\/#\/schema\/logo\/image\/","url":"https:\/\/ontheroadlesvos.com\/wp-content\/uploads\/2025\/02\/logo-on-the-road-trans.png","contentUrl":"https:\/\/ontheroadlesvos.com\/wp-content\/uploads\/2025\/02\/logo-on-the-road-trans.png","width":200,"height":70,"caption":"On The Road"},"image":{"@id":"https:\/\/ontheroadlesvos.com\/#\/schema\/logo\/image\/"},"sameAs":["https:\/\/www.facebook.com\/ontheroad.lesvos","https:\/\/www.instagram.com\/ontheroad_lesvos\/"]}]}},"_links":{"self":[{"href":"https:\/\/ontheroadlesvos.com\/tr\/wp-json\/wp\/v2\/pages\/132","targetHints":{"allow":["GET"]}}],"collection":[{"href":"https:\/\/ontheroadlesvos.com\/tr\/wp-json\/wp\/v2\/pages"}],"about":[{"href":"https:\/\/ontheroadlesvos.com\/tr\/wp-json\/wp\/v2\/types\/page"}],"author":[{"embeddable":true,"href":"https:\/\/ontheroadlesvos.com\/tr\/wp-json\/wp\/v2\/users\/1"}],"replies":[{"embeddable":true,"href":"https:\/\/ontheroadlesvos.com\/tr\/wp-json\/wp\/v2\/comments?post=132"}],"version-history":[{"count":2,"href":"https:\/\/ontheroadlesvos.com\/tr\/wp-json\/wp\/v2\/pages\/132\/revisions"}],"predecessor-version":[{"id":3318,"href":"https:\/\/ontheroadlesvos.com\/tr\/wp-json\/wp\/v2\/pages\/132\/revisions\/3318"}],"wp:attachment":[{"href":"https:\/\/ontheroadlesvos.com\/tr\/wp-json\/wp\/v2\/media?parent=132"}],"curies":[{"name":"wp","href":"https:\/\/api.w.org\/{rel}","templated":true}]}}